{"id":604,"date":"2020-05-12T13:45:27","date_gmt":"2020-05-12T11:45:27","guid":{"rendered":"http:\/\/sagot-conseil.com\/?page_id=604"},"modified":"2020-05-14T17:04:46","modified_gmt":"2020-05-14T15:04:46","slug":"mentions-legales","status":"publish","type":"page","link":"https:\/\/sagot-conseil.com\/index.php\/mentions-legales\/","title":{"rendered":"Mentions l\u00e9gales"},"content":{"rendered":"\n<h4>Entreprise \u00e9ditrice de ce site : <\/h4>\n\n\n\n<p class=\"has-small-font-size\">V\u00e9ronique SAGOT &#8211; de l&rsquo;intention \u00e0 l&rsquo;action<br>T\u00e9l\u00e9phone : 06.79.67.22.61<br>Mail: veronique@sagot-conseil.com<br>port\u00e9e administrativement par la soci\u00e9t\u00e9 ITG Consultants<br>18, rue de la ville l&rsquo;Ev\u00eaque &#8211; 75008 Paris<\/p>\n\n\n\n<h4>Cr\u00e9dits photos et dessins: <\/h4>\n\n\n\n<p class=\"has-small-font-size\">Sauf mention contraire tous les textes et photos sont propri\u00e9t\u00e9 exclusive de V\u00e9ronique Sagot. Merci de ne pas reproduire ou modifier tout ou partie des  images sans accord pr\u00e9alable. Conform\u00e9ment \u00e0 la LOI n\u00b0 2014-315 du 11 mars 2014 renfor\u00e7ant la lutte contre la contrefa\u00e7on .<\/p>\n\n\n\n<p class=\"has-small-font-size\">Les deux portraits de V\u00e9ronique Sagot ont \u00e9t\u00e9 r\u00e9alis\u00e9s par la photographe Glawdys Louiset<br>Site web : <a href=\"https:\/\/www.gwladyslouisetphotography.com\">https:\/\/www.gwladyslouisetphotography.com<\/a><\/p>\n\n\n\n<h4>Cr\u00e9ation du site<\/h4>\n\n\n\n<p class=\"has-small-font-size\">Conception de l&rsquo;univers graphique  : Vanina Gallo  &#8211; The joyfull way<br>site web : <a href=\"https:\/\/thejoyfulway.lu\">https:\/\/thejoyfulway.lu<\/a><br><\/p>\n\n\n\n<h4>H\u00e9bergement<\/h4>\n\n\n\n<p class=\"has-small-font-size\">Soci\u00e9t\u00e9 OVH<br> 2 rue Kellermann \u2013 59100 Roubaix \u2013 France<br>Site Web : <a rel=\"noreferrer noopener\" href=\"https:\/\/www.ovh.com\" target=\"_blank\">https:\/\/www.ovh.com<\/a><br><\/p>\n\n\n\n<p><\/p>\n","protected":false},"excerpt":{"rendered":"<p>Entreprise \u00e9ditrice de ce site : V\u00e9ronique SAGOT &#8211; de l&rsquo;intention \u00e0 l&rsquo;actionT\u00e9l\u00e9phone : 06.79.67.22.61Mail: veronique@sagot-conseil.comport\u00e9e administrativement par la soci\u00e9t\u00e9 ITG Consultants18, rue de la ville l&rsquo;Ev\u00eaque &#8211; 75008 Paris Cr\u00e9dits photos et dessins: Sauf mention contraire tous les textes et photos sont propri\u00e9t\u00e9 exclusive de V\u00e9ronique Sagot. Merci de ne pas reproduire ou modifier [&hellip;]<\/p>\n","protected":false},"author":1,"featured_media":0,"parent":0,"menu_order":0,"comment_status":"closed","ping_status":"closed","template":"","meta":{"_uag_custom_page_level_css":""},"yoast_head":"<!-- This site is optimized with the Yoast SEO plugin v20.1 - https:\/\/yoast.com\/wordpress\/plugins\/seo\/ -->\n<title>Mentions l\u00e9gales - Sagot Conseil<\/title>\n<meta name=\"robots\" content=\"index, follow, max-snippet:-1, max-image-preview:large, max-video-preview:-1\" \/>\n<link rel=\"canonical\" href=\"https:\/\/sagot-conseil.com\/index.php\/mentions-legales\/\" \/>\n<meta property=\"og:locale\" content=\"fr_FR\" \/>\n<meta property=\"og:type\" content=\"article\" \/>\n<meta property=\"og:title\" content=\"Mentions l\u00e9gales - Sagot Conseil\" \/>\n<meta property=\"og:description\" content=\"Entreprise \u00e9ditrice de ce site : V\u00e9ronique SAGOT &#8211; de l&rsquo;intention \u00e0 l&rsquo;actionT\u00e9l\u00e9phone : 06.79.67.22.61Mail: veronique@sagot-conseil.comport\u00e9e administrativement par la soci\u00e9t\u00e9 ITG Consultants18, rue de la ville l&rsquo;Ev\u00eaque &#8211; 75008 Paris Cr\u00e9dits photos et dessins: Sauf mention contraire tous les textes et photos sont propri\u00e9t\u00e9 exclusive de V\u00e9ronique Sagot. Merci de ne pas reproduire ou modifier [&hellip;]\" \/>\n<meta property=\"og:url\" content=\"https:\/\/sagot-conseil.com\/index.php\/mentions-legales\/\" \/>\n<meta property=\"og:site_name\" content=\"Sagot Conseil\" \/>\n<meta property=\"article:modified_time\" content=\"2020-05-14T15:04:46+00:00\" \/>\n<meta name=\"twitter:card\" content=\"summary_large_image\" \/>\n<meta name=\"twitter:label1\" content=\"Dur\u00e9e de lecture estim\u00e9e\" \/>\n\t<meta name=\"twitter:data1\" content=\"1 minute\" \/>\n<script type=\"application\/ld+json\" class=\"yoast-schema-graph\">{\"@context\":\"https:\/\/schema.org\",\"@graph\":[{\"@type\":\"WebPage\",\"@id\":\"https:\/\/sagot-conseil.com\/index.php\/mentions-legales\/\",\"url\":\"https:\/\/sagot-conseil.com\/index.php\/mentions-legales\/\",\"name\":\"Mentions l\u00e9gales - Sagot Conseil\",\"isPartOf\":{\"@id\":\"https:\/\/sagot-conseil.com\/#website\"},\"datePublished\":\"2020-05-12T11:45:27+00:00\",\"dateModified\":\"2020-05-14T15:04:46+00:00\",\"breadcrumb\":{\"@id\":\"https:\/\/sagot-conseil.com\/index.php\/mentions-legales\/#breadcrumb\"},\"inLanguage\":\"fr-FR\",\"potentialAction\":[{\"@type\":\"ReadAction\",\"target\":[\"https:\/\/sagot-conseil.com\/index.php\/mentions-legales\/\"]}]},{\"@type\":\"BreadcrumbList\",\"@id\":\"https:\/\/sagot-conseil.com\/index.php\/mentions-legales\/#breadcrumb\",\"itemListElement\":[{\"@type\":\"ListItem\",\"position\":1,\"name\":\"Accueil\",\"item\":\"https:\/\/sagot-conseil.com\/\"},{\"@type\":\"ListItem\",\"position\":2,\"name\":\"Mentions l\u00e9gales\"}]},{\"@type\":\"WebSite\",\"@id\":\"https:\/\/sagot-conseil.com\/#website\",\"url\":\"https:\/\/sagot-conseil.com\/\",\"name\":\"Sagot Conseil\",\"description\":\"\",\"publisher\":{\"@id\":\"https:\/\/sagot-conseil.com\/#organization\"},\"potentialAction\":[{\"@type\":\"SearchAction\",\"target\":{\"@type\":\"EntryPoint\",\"urlTemplate\":\"https:\/\/sagot-conseil.com\/?s={search_term_string}\"},\"query-input\":\"required name=search_term_string\"}],\"inLanguage\":\"fr-FR\"},{\"@type\":\"Organization\",\"@id\":\"https:\/\/sagot-conseil.com\/#organization\",\"name\":\"de l'intention \u00e0 l'action\",\"url\":\"https:\/\/sagot-conseil.com\/\",\"logo\":{\"@type\":\"ImageObject\",\"inLanguage\":\"fr-FR\",\"@id\":\"https:\/\/sagot-conseil.com\/#\/schema\/logo\/image\/\",\"url\":\"http:\/\/sagot-conseil.com\/wp-content\/uploads\/2020\/05\/SAGOT-LOGO-RVB-500.gif\",\"contentUrl\":\"http:\/\/sagot-conseil.com\/wp-content\/uploads\/2020\/05\/SAGOT-LOGO-RVB-500.gif\",\"width\":500,\"height\":516,\"caption\":\"de l'intention \u00e0 l'action\"},\"image\":{\"@id\":\"https:\/\/sagot-conseil.com\/#\/schema\/logo\/image\/\"}}]}<\/script>\n<!-- \/ Yoast SEO plugin. -->","yoast_head_json":{"title":"Mentions l\u00e9gales - Sagot Conseil","robots":{"index":"index","follow":"follow","max-snippet":"max-snippet:-1","max-image-preview":"max-image-preview:large","max-video-preview":"max-video-preview:-1"},"canonical":"https:\/\/sagot-conseil.com\/index.php\/mentions-legales\/","og_locale":"fr_FR","og_type":"article","og_title":"Mentions l\u00e9gales - Sagot Conseil","og_description":"Entreprise \u00e9ditrice de ce site : V\u00e9ronique SAGOT &#8211; de l&rsquo;intention \u00e0 l&rsquo;actionT\u00e9l\u00e9phone : 06.79.67.22.61Mail: veronique@sagot-conseil.comport\u00e9e administrativement par la soci\u00e9t\u00e9 ITG Consultants18, rue de la ville l&rsquo;Ev\u00eaque &#8211; 75008 Paris Cr\u00e9dits photos et dessins: Sauf mention contraire tous les textes et photos sont propri\u00e9t\u00e9 exclusive de V\u00e9ronique Sagot. Merci de ne pas reproduire ou modifier [&hellip;]","og_url":"https:\/\/sagot-conseil.com\/index.php\/mentions-legales\/","og_site_name":"Sagot Conseil","article_modified_time":"2020-05-14T15:04:46+00:00","twitter_card":"summary_large_image","twitter_misc":{"Dur\u00e9e de lecture estim\u00e9e":"1 minute"},"schema":{"@context":"https:\/\/schema.org","@graph":[{"@type":"WebPage","@id":"https:\/\/sagot-conseil.com\/index.php\/mentions-legales\/","url":"https:\/\/sagot-conseil.com\/index.php\/mentions-legales\/","name":"Mentions l\u00e9gales - Sagot Conseil","isPartOf":{"@id":"https:\/\/sagot-conseil.com\/#website"},"datePublished":"2020-05-12T11:45:27+00:00","dateModified":"2020-05-14T15:04:46+00:00","breadcrumb":{"@id":"https:\/\/sagot-conseil.com\/index.php\/mentions-legales\/#breadcrumb"},"inLanguage":"fr-FR","potentialAction":[{"@type":"ReadAction","target":["https:\/\/sagot-conseil.com\/index.php\/mentions-legales\/"]}]},{"@type":"BreadcrumbList","@id":"https:\/\/sagot-conseil.com\/index.php\/mentions-legales\/#breadcrumb","itemListElement":[{"@type":"ListItem","position":1,"name":"Accueil","item":"https:\/\/sagot-conseil.com\/"},{"@type":"ListItem","position":2,"name":"Mentions l\u00e9gales"}]},{"@type":"WebSite","@id":"https:\/\/sagot-conseil.com\/#website","url":"https:\/\/sagot-conseil.com\/","name":"Sagot Conseil","description":"","publisher":{"@id":"https:\/\/sagot-conseil.com\/#organization"},"potentialAction":[{"@type":"SearchAction","target":{"@type":"EntryPoint","urlTemplate":"https:\/\/sagot-conseil.com\/?s={search_term_string}"},"query-input":"required name=search_term_string"}],"inLanguage":"fr-FR"},{"@type":"Organization","@id":"https:\/\/sagot-conseil.com\/#organization","name":"de l'intention \u00e0 l'action","url":"https:\/\/sagot-conseil.com\/","logo":{"@type":"ImageObject","inLanguage":"fr-FR","@id":"https:\/\/sagot-conseil.com\/#\/schema\/logo\/image\/","url":"http:\/\/sagot-conseil.com\/wp-content\/uploads\/2020\/05\/SAGOT-LOGO-RVB-500.gif","contentUrl":"http:\/\/sagot-conseil.com\/wp-content\/uploads\/2020\/05\/SAGOT-LOGO-RVB-500.gif","width":500,"height":516,"caption":"de l'intention \u00e0 l'action"},"image":{"@id":"https:\/\/sagot-conseil.com\/#\/schema\/logo\/image\/"}}]}},"uagb_featured_image_src":{"full":false,"thumbnail":false,"medium":false,"medium_large":false,"large":false,"1536x1536":false,"2048x2048":false,"post-thumbnail":false,"twentytwenty-fullscreen":false},"uagb_author_info":{"display_name":"V\u00e9ronique Sagot","author_link":"https:\/\/sagot-conseil.com\/index.php\/author\/admin1875\/"},"uagb_comment_info":0,"uagb_excerpt":"Entreprise \u00e9ditrice de ce site : V\u00e9ronique SAGOT &#8211; de l&rsquo;intention \u00e0 l&rsquo;actionT\u00e9l\u00e9phone : 06.79.67.22.61Mail: veronique@sagot-conseil.comport\u00e9e administrativement par la soci\u00e9t\u00e9 ITG Consultants18, rue de la ville l&rsquo;Ev\u00eaque &#8211; 75008 Paris Cr\u00e9dits photos et dessins: Sauf mention contraire tous les textes et photos sont propri\u00e9t\u00e9 exclusive de V\u00e9ronique Sagot. Merci de ne pas reproduire ou modifier\u2026","_links":{"self":[{"href":"https:\/\/sagot-conseil.com\/index.php\/wp-json\/wp\/v2\/pages\/604"}],"collection":[{"href":"https:\/\/sagot-conseil.com\/index.php\/wp-json\/wp\/v2\/pages"}],"about":[{"href":"https:\/\/sagot-conseil.com\/index.php\/wp-json\/wp\/v2\/types\/page"}],"author":[{"embeddable":true,"href":"https:\/\/sagot-conseil.com\/index.php\/wp-json\/wp\/v2\/users\/1"}],"replies":[{"embeddable":true,"href":"https:\/\/sagot-conseil.com\/index.php\/wp-json\/wp\/v2\/comments?post=604"}],"version-history":[{"count":9,"href":"https:\/\/sagot-conseil.com\/index.php\/wp-json\/wp\/v2\/pages\/604\/revisions"}],"predecessor-version":[{"id":700,"href":"https:\/\/sagot-conseil.com\/index.php\/wp-json\/wp\/v2\/pages\/604\/revisions\/700"}],"wp:attachment":[{"href":"https:\/\/sagot-conseil.com\/index.php\/wp-json\/wp\/v2\/media?parent=604"}],"curies":[{"name":"wp","href":"https:\/\/api.w.org\/{rel}","templated":true}]}}