{"id":337,"date":"2020-04-29T11:11:39","date_gmt":"2020-04-29T09:11:39","guid":{"rendered":"http:\/\/sagot-conseil.com\/?page_id=337"},"modified":"2020-05-31T18:55:02","modified_gmt":"2020-05-31T16:55:02","slug":"sur-mesure","status":"publish","type":"page","link":"https:\/\/sagot-conseil.com\/index.php\/sur-mesure\/","title":{"rendered":"Sur Mesure"},"content":{"rendered":"\n<p>Nous <strong>co-construisons et inventons ensemble   : <\/strong><\/p>\n\n\n\n<p>\u2022 <strong>un format d&rsquo;intervention<\/strong> adapt\u00e9 \u00e0 votre organisation et \u00e0 votre situation : s\u00e9minaire, workshop, conf\u00e9rence, formation-action&#8230;<\/p>\n\n\n\n<p>\u2022 quelques <strong>exemples de th\u00e8mes possibles<\/strong> \u00e0 partir desquels d\u00e9velopper une intervention sp\u00e9cifique ensemble : <\/p>\n\n\n\n<figure class=\"wp-container-2 wp-block-gallery-1 wp-block-gallery alignfull columns-2 is-cropped\"><ul class=\"blocks-gallery-grid\"><li class=\"blocks-gallery-item\"><figure><img loading=\"lazy\" width=\"1000\" height=\"701\" src=\"http:\/\/sagot-conseil.com\/wp-content\/uploads\/2020\/04\/sagot-coaching-accueil.jpg\" alt=\"coaching, supervision, paris\" data-id=\"265\" data-full-url=\"http:\/\/sagot-conseil.com\/wp-content\/uploads\/2020\/04\/sagot-coaching-accueil.jpg\" data-link=\"http:\/\/sagot-conseil.com\/index.php\/accueil\/sagot-coaching-accueil\/\" class=\"wp-image-265\" srcset=\"https:\/\/sagot-conseil.com\/wp-content\/uploads\/2020\/04\/sagot-coaching-accueil.jpg 1000w, https:\/\/sagot-conseil.com\/wp-content\/uploads\/2020\/04\/sagot-coaching-accueil-300x210.jpg 300w, https:\/\/sagot-conseil.com\/wp-content\/uploads\/2020\/04\/sagot-coaching-accueil-768x538.jpg 768w\" sizes=\"(max-width: 1000px) 100vw, 1000px\" \/><figcaption class=\"blocks-gallery-item__caption\"><strong>SE POSITIONNER EN PARTENAIRE<\/strong><\/figcaption><\/figure><\/li><li class=\"blocks-gallery-item\"><figure><img loading=\"lazy\" width=\"1024\" height=\"645\" src=\"http:\/\/sagot-conseil.com\/wp-content\/uploads\/2020\/04\/sagot-conseil-entree.jpg\" alt=\"\" data-id=\"157\" data-full-url=\"http:\/\/sagot-conseil.com\/wp-content\/uploads\/2020\/04\/sagot-conseil-entree.jpg\" data-link=\"http:\/\/sagot-conseil.com\/index.php\/accueil\/sagot-conseil-entree\/\" class=\"wp-image-157\" srcset=\"https:\/\/sagot-conseil.com\/wp-content\/uploads\/2020\/04\/sagot-conseil-entree.jpg 1024w, https:\/\/sagot-conseil.com\/wp-content\/uploads\/2020\/04\/sagot-conseil-entree-300x189.jpg 300w, https:\/\/sagot-conseil.com\/wp-content\/uploads\/2020\/04\/sagot-conseil-entree-768x484.jpg 768w\" sizes=\"(max-width: 1024px) 100vw, 1024px\" \/><figcaption class=\"blocks-gallery-item__caption\"><strong>APPRIVOISER L&rsquo;INCONNU<\/strong><\/figcaption><\/figure><\/li><li class=\"blocks-gallery-item\"><figure><img loading=\"lazy\" width=\"1024\" height=\"645\" src=\"http:\/\/sagot-conseil.com\/wp-content\/uploads\/2020\/04\/sagot-conseil-pastel.jpg\" alt=\"\" data-id=\"140\" data-full-url=\"http:\/\/sagot-conseil.com\/wp-content\/uploads\/2020\/04\/sagot-conseil-pastel.jpg\" data-link=\"http:\/\/sagot-conseil.com\/index.php\/accueil\/sagot-conseil-pastel\/\" class=\"wp-image-140\" srcset=\"https:\/\/sagot-conseil.com\/wp-content\/uploads\/2020\/04\/sagot-conseil-pastel.jpg 1024w, https:\/\/sagot-conseil.com\/wp-content\/uploads\/2020\/04\/sagot-conseil-pastel-300x189.jpg 300w, https:\/\/sagot-conseil.com\/wp-content\/uploads\/2020\/04\/sagot-conseil-pastel-768x484.jpg 768w\" sizes=\"(max-width: 1024px) 100vw, 1024px\" \/><figcaption class=\"blocks-gallery-item__caption\"><strong>D\u00c9VELOPPER LA CR\u00c9ATIVIT\u00c9 DANS L&rsquo;\u00c9QUIPE ET EN SOI<\/strong><\/figcaption><\/figure><\/li><li class=\"blocks-gallery-item\"><figure><img loading=\"lazy\" width=\"1024\" height=\"645\" src=\"http:\/\/sagot-conseil.com\/wp-content\/uploads\/2020\/04\/sagot-conseil-architecture.jpg\" alt=\"\" data-id=\"122\" data-full-url=\"http:\/\/sagot-conseil.com\/wp-content\/uploads\/2020\/04\/sagot-conseil-architecture.jpg\" data-link=\"http:\/\/sagot-conseil.com\/index.php\/accueil\/sagot-conseil-architecture\/\" class=\"wp-image-122\" srcset=\"https:\/\/sagot-conseil.com\/wp-content\/uploads\/2020\/04\/sagot-conseil-architecture.jpg 1024w, https:\/\/sagot-conseil.com\/wp-content\/uploads\/2020\/04\/sagot-conseil-architecture-300x189.jpg 300w, https:\/\/sagot-conseil.com\/wp-content\/uploads\/2020\/04\/sagot-conseil-architecture-768x484.jpg 768w\" sizes=\"(max-width: 1024px) 100vw, 1024px\" \/><figcaption class=\"blocks-gallery-item__caption\"><strong> R\u00c9V\u00c9LER SA JUSTE POSTURE DE LEADER DE PROJET TRANSVERSE<\/strong><\/figcaption><\/figure><\/li><li class=\"blocks-gallery-item\"><figure><img loading=\"lazy\" width=\"1024\" height=\"645\" src=\"http:\/\/sagot-conseil.com\/wp-content\/uploads\/2020\/04\/sagot-conseil-face-a-face.jpg\" alt=\"\" data-id=\"132\" data-full-url=\"http:\/\/sagot-conseil.com\/wp-content\/uploads\/2020\/04\/sagot-conseil-face-a-face.jpg\" data-link=\"http:\/\/sagot-conseil.com\/index.php\/accueil\/sagot-conseil-face-a-face\/\" class=\"wp-image-132\" srcset=\"https:\/\/sagot-conseil.com\/wp-content\/uploads\/2020\/04\/sagot-conseil-face-a-face.jpg 1024w, https:\/\/sagot-conseil.com\/wp-content\/uploads\/2020\/04\/sagot-conseil-face-a-face-300x189.jpg 300w, https:\/\/sagot-conseil.com\/wp-content\/uploads\/2020\/04\/sagot-conseil-face-a-face-768x484.jpg 768w\" sizes=\"(max-width: 1024px) 100vw, 1024px\" \/><figcaption class=\"blocks-gallery-item__caption\"><strong>R\u00c9V\u00c9LER L&rsquo;ESSENTIEL EN SOI ET CHEZ L&rsquo;AUTRE<\/strong><\/figcaption><\/figure><\/li><\/ul><\/figure>\n\n\n\n<div class=\"wp-container-3 wp-block-group\"><div class=\"wp-block-group__inner-container\">\n<div class=\"wp-block-button is-style-outline\"><a class=\"wp-block-button__link has-text-color has-accent-color has-background has-background-background-color no-border-radius\" href=\"http:\/\/sagot-conseil.com\/index.php\/contact\/\" target=\"_blank\" rel=\"noreferrer noopener\">Pour RECEVOIR DES INFORMATIONS D\u00c9TAILL\u00c9ES<\/a><\/div>\n<\/div><\/div>\n\n\n\n<div class=\"wp-block-uagb-social-share uagb-social-share__outer-wrap uagb-social-share__layout-horizontal uagb-block-a2ea88e4-ea98-4ab5-96c6-39e6bad36e33\"><div class=\"uagb-social-share__wrap\">\n<div class=\"wp-block-uagb-social-share-child uagb-ss-repeater uagb-ss__wrapper uagb-block-8db5aacc-8090-494f-8a6f-518b27eb3695\"><a class=\"uagb-ss__link\" data-href=\"https:\/\/www.facebook.com\/sharer.php?u=\" rel=\"noopener noreferrer\"><span class=\"uagb-ss__source-wrap\"><span class=\"uagb-ss__source-icon\"><svg xmlns=\"http:\/\/www.w3.org\/2000\/svg\" viewbox=\"0 0 448 512\"><path d=\"M448 56.7v398.5c0 13.7-11.1 24.7-24.7 24.7H309.1V306.5h58.2l8.7-67.6h-67v-43.2c0-19.6 5.4-32.9 33.5-32.9h35.8v-60.5c-6.2-.8-27.4-2.7-52.2-2.7-51.6 0-87 31.5-87 89.4v49.9h-58.4v67.6h58.4V480H24.7C11.1 480 0 468.9 0 455.3V56.7C0 43.1 11.1 32 24.7 32h398.5c13.7 0 24.8 11.1 24.8 24.7z\"><\/path><\/svg><\/span><\/span><\/a><\/div>\n<\/div><\/div>\n","protected":false},"excerpt":{"rendered":"<p>Nous co-construisons et inventons ensemble : \u2022 un format d&rsquo;intervention adapt\u00e9 \u00e0 votre organisation et \u00e0 votre situation : s\u00e9minaire, workshop, conf\u00e9rence, formation-action&#8230; \u2022 quelques exemples de th\u00e8mes possibles \u00e0 partir desquels d\u00e9velopper une intervention sp\u00e9cifique ensemble :<\/p>\n","protected":false},"author":1,"featured_media":0,"parent":0,"menu_order":0,"comment_status":"closed","ping_status":"closed","template":"","meta":{"_uag_custom_page_level_css":""},"yoast_head":"<!-- This site is optimized with the Yoast SEO plugin v20.1 - https:\/\/yoast.com\/wordpress\/plugins\/seo\/ -->\n<title>Sur Mesure - Sagot Conseil<\/title>\n<meta name=\"robots\" content=\"index, follow, max-snippet:-1, max-image-preview:large, max-video-preview:-1\" \/>\n<link rel=\"canonical\" href=\"https:\/\/sagot-conseil.com\/index.php\/sur-mesure\/\" \/>\n<meta property=\"og:locale\" content=\"fr_FR\" \/>\n<meta property=\"og:type\" content=\"article\" \/>\n<meta property=\"og:title\" content=\"Sur Mesure - Sagot Conseil\" \/>\n<meta property=\"og:description\" content=\"Nous co-construisons et inventons ensemble : \u2022 un format d&rsquo;intervention adapt\u00e9 \u00e0 votre organisation et \u00e0 votre situation : s\u00e9minaire, workshop, conf\u00e9rence, formation-action&#8230; \u2022 quelques exemples de th\u00e8mes possibles \u00e0 partir desquels d\u00e9velopper une intervention sp\u00e9cifique ensemble :\" \/>\n<meta property=\"og:url\" content=\"https:\/\/sagot-conseil.com\/index.php\/sur-mesure\/\" \/>\n<meta property=\"og:site_name\" content=\"Sagot Conseil\" \/>\n<meta property=\"article:modified_time\" content=\"2020-05-31T16:55:02+00:00\" \/>\n<meta property=\"og:image\" content=\"http:\/\/sagot-conseil.com\/wp-content\/uploads\/2020\/04\/sagot-coaching-accueil.jpg\" \/>\n<meta name=\"twitter:card\" content=\"summary_large_image\" \/>\n<script type=\"application\/ld+json\" class=\"yoast-schema-graph\">{\"@context\":\"https:\/\/schema.org\",\"@graph\":[{\"@type\":\"WebPage\",\"@id\":\"https:\/\/sagot-conseil.com\/index.php\/sur-mesure\/\",\"url\":\"https:\/\/sagot-conseil.com\/index.php\/sur-mesure\/\",\"name\":\"Sur Mesure - Sagot Conseil\",\"isPartOf\":{\"@id\":\"https:\/\/sagot-conseil.com\/#website\"},\"datePublished\":\"2020-04-29T09:11:39+00:00\",\"dateModified\":\"2020-05-31T16:55:02+00:00\",\"breadcrumb\":{\"@id\":\"https:\/\/sagot-conseil.com\/index.php\/sur-mesure\/#breadcrumb\"},\"inLanguage\":\"fr-FR\",\"potentialAction\":[{\"@type\":\"ReadAction\",\"target\":[\"https:\/\/sagot-conseil.com\/index.php\/sur-mesure\/\"]}]},{\"@type\":\"BreadcrumbList\",\"@id\":\"https:\/\/sagot-conseil.com\/index.php\/sur-mesure\/#breadcrumb\",\"itemListElement\":[{\"@type\":\"ListItem\",\"position\":1,\"name\":\"Accueil\",\"item\":\"https:\/\/sagot-conseil.com\/\"},{\"@type\":\"ListItem\",\"position\":2,\"name\":\"Sur Mesure\"}]},{\"@type\":\"WebSite\",\"@id\":\"https:\/\/sagot-conseil.com\/#website\",\"url\":\"https:\/\/sagot-conseil.com\/\",\"name\":\"Sagot Conseil\",\"description\":\"\",\"publisher\":{\"@id\":\"https:\/\/sagot-conseil.com\/#organization\"},\"potentialAction\":[{\"@type\":\"SearchAction\",\"target\":{\"@type\":\"EntryPoint\",\"urlTemplate\":\"https:\/\/sagot-conseil.com\/?s={search_term_string}\"},\"query-input\":\"required name=search_term_string\"}],\"inLanguage\":\"fr-FR\"},{\"@type\":\"Organization\",\"@id\":\"https:\/\/sagot-conseil.com\/#organization\",\"name\":\"de l'intention \u00e0 l'action\",\"url\":\"https:\/\/sagot-conseil.com\/\",\"logo\":{\"@type\":\"ImageObject\",\"inLanguage\":\"fr-FR\",\"@id\":\"https:\/\/sagot-conseil.com\/#\/schema\/logo\/image\/\",\"url\":\"http:\/\/sagot-conseil.com\/wp-content\/uploads\/2020\/05\/SAGOT-LOGO-RVB-500.gif\",\"contentUrl\":\"http:\/\/sagot-conseil.com\/wp-content\/uploads\/2020\/05\/SAGOT-LOGO-RVB-500.gif\",\"width\":500,\"height\":516,\"caption\":\"de l'intention \u00e0 l'action\"},\"image\":{\"@id\":\"https:\/\/sagot-conseil.com\/#\/schema\/logo\/image\/\"}}]}<\/script>\n<!-- \/ Yoast SEO plugin. -->","yoast_head_json":{"title":"Sur Mesure - Sagot Conseil","robots":{"index":"index","follow":"follow","max-snippet":"max-snippet:-1","max-image-preview":"max-image-preview:large","max-video-preview":"max-video-preview:-1"},"canonical":"https:\/\/sagot-conseil.com\/index.php\/sur-mesure\/","og_locale":"fr_FR","og_type":"article","og_title":"Sur Mesure - Sagot Conseil","og_description":"Nous co-construisons et inventons ensemble : \u2022 un format d&rsquo;intervention adapt\u00e9 \u00e0 votre organisation et \u00e0 votre situation : s\u00e9minaire, workshop, conf\u00e9rence, formation-action&#8230; \u2022 quelques exemples de th\u00e8mes possibles \u00e0 partir desquels d\u00e9velopper une intervention sp\u00e9cifique ensemble :","og_url":"https:\/\/sagot-conseil.com\/index.php\/sur-mesure\/","og_site_name":"Sagot Conseil","article_modified_time":"2020-05-31T16:55:02+00:00","og_image":[{"url":"http:\/\/sagot-conseil.com\/wp-content\/uploads\/2020\/04\/sagot-coaching-accueil.jpg"}],"twitter_card":"summary_large_image","schema":{"@context":"https:\/\/schema.org","@graph":[{"@type":"WebPage","@id":"https:\/\/sagot-conseil.com\/index.php\/sur-mesure\/","url":"https:\/\/sagot-conseil.com\/index.php\/sur-mesure\/","name":"Sur Mesure - Sagot Conseil","isPartOf":{"@id":"https:\/\/sagot-conseil.com\/#website"},"datePublished":"2020-04-29T09:11:39+00:00","dateModified":"2020-05-31T16:55:02+00:00","breadcrumb":{"@id":"https:\/\/sagot-conseil.com\/index.php\/sur-mesure\/#breadcrumb"},"inLanguage":"fr-FR","potentialAction":[{"@type":"ReadAction","target":["https:\/\/sagot-conseil.com\/index.php\/sur-mesure\/"]}]},{"@type":"BreadcrumbList","@id":"https:\/\/sagot-conseil.com\/index.php\/sur-mesure\/#breadcrumb","itemListElement":[{"@type":"ListItem","position":1,"name":"Accueil","item":"https:\/\/sagot-conseil.com\/"},{"@type":"ListItem","position":2,"name":"Sur Mesure"}]},{"@type":"WebSite","@id":"https:\/\/sagot-conseil.com\/#website","url":"https:\/\/sagot-conseil.com\/","name":"Sagot Conseil","description":"","publisher":{"@id":"https:\/\/sagot-conseil.com\/#organization"},"potentialAction":[{"@type":"SearchAction","target":{"@type":"EntryPoint","urlTemplate":"https:\/\/sagot-conseil.com\/?s={search_term_string}"},"query-input":"required name=search_term_string"}],"inLanguage":"fr-FR"},{"@type":"Organization","@id":"https:\/\/sagot-conseil.com\/#organization","name":"de l'intention \u00e0 l'action","url":"https:\/\/sagot-conseil.com\/","logo":{"@type":"ImageObject","inLanguage":"fr-FR","@id":"https:\/\/sagot-conseil.com\/#\/schema\/logo\/image\/","url":"http:\/\/sagot-conseil.com\/wp-content\/uploads\/2020\/05\/SAGOT-LOGO-RVB-500.gif","contentUrl":"http:\/\/sagot-conseil.com\/wp-content\/uploads\/2020\/05\/SAGOT-LOGO-RVB-500.gif","width":500,"height":516,"caption":"de l'intention \u00e0 l'action"},"image":{"@id":"https:\/\/sagot-conseil.com\/#\/schema\/logo\/image\/"}}]}},"uagb_featured_image_src":{"full":false,"thumbnail":false,"medium":false,"medium_large":false,"large":false,"1536x1536":false,"2048x2048":false,"post-thumbnail":false,"twentytwenty-fullscreen":false},"uagb_author_info":{"display_name":"V\u00e9ronique Sagot","author_link":"https:\/\/sagot-conseil.com\/index.php\/author\/admin1875\/"},"uagb_comment_info":0,"uagb_excerpt":"Nous co-construisons et inventons ensemble : \u2022 un format d&rsquo;intervention adapt\u00e9 \u00e0 votre organisation et \u00e0 votre situation : s\u00e9minaire, workshop, conf\u00e9rence, formation-action&#8230; \u2022 quelques exemples de th\u00e8mes possibles \u00e0 partir desquels d\u00e9velopper une intervention sp\u00e9cifique ensemble :","_links":{"self":[{"href":"https:\/\/sagot-conseil.com\/index.php\/wp-json\/wp\/v2\/pages\/337"}],"collection":[{"href":"https:\/\/sagot-conseil.com\/index.php\/wp-json\/wp\/v2\/pages"}],"about":[{"href":"https:\/\/sagot-conseil.com\/index.php\/wp-json\/wp\/v2\/types\/page"}],"author":[{"embeddable":true,"href":"https:\/\/sagot-conseil.com\/index.php\/wp-json\/wp\/v2\/users\/1"}],"replies":[{"embeddable":true,"href":"https:\/\/sagot-conseil.com\/index.php\/wp-json\/wp\/v2\/comments?post=337"}],"version-history":[{"count":21,"href":"https:\/\/sagot-conseil.com\/index.php\/wp-json\/wp\/v2\/pages\/337\/revisions"}],"predecessor-version":[{"id":790,"href":"https:\/\/sagot-conseil.com\/index.php\/wp-json\/wp\/v2\/pages\/337\/revisions\/790"}],"wp:attachment":[{"href":"https:\/\/sagot-conseil.com\/index.php\/wp-json\/wp\/v2\/media?parent=337"}],"curies":[{"name":"wp","href":"https:\/\/api.w.org\/{rel}","templated":true}]}}