{"id":261,"date":"2020-04-29T10:40:32","date_gmt":"2020-04-29T08:40:32","guid":{"rendered":"http:\/\/sagot-conseil.com\/?page_id=261"},"modified":"2025-05-15T13:59:02","modified_gmt":"2025-05-15T11:59:02","slug":"supervision-individuelle-et-collective","status":"publish","type":"page","link":"https:\/\/sagot-conseil.com\/index.php\/supervision-individuelle-et-collective\/","title":{"rendered":"Supervision"},"content":{"rendered":"\n<p>Vous cherchez un espace inspirant, d&rsquo;accueil inconditionnel pour d\u00e9velopper votre envergure de coach et votre geste professionnel. <strong>Vous souhaitez vous d\u00e9gager des situations dans lesquelles vous vous sentez \u201cattrap\u00e9s\u201d et explorer plus le champ de la pr\u00e9sence, de la r\u00e9sonance, de la cr\u00e9ativit\u00e9 et du minimalisme? <\/strong><\/p>\n\n\n\n<p>Je vous accompagne dans un cadre structurant avec une approche humaniste int\u00e9grative et syst\u00e9mique laissant une belle place au corps et \u00e0 la cr\u00e9ativit\u00e9. Vous y d\u00e9velopperez votre regard r\u00e9flexif et y trouverez un lieu de ressourcement et de croissance. <br><\/p>\n\n\n\n<div class=\"wp-block-cover alignfull is-light\" style=\"min-height:307px\"><span aria-hidden=\"true\" class=\"wp-block-cover__background has-background-dim-10 has-background-dim\"><\/span><img loading=\"lazy\" width=\"1024\" height=\"473\" class=\"wp-block-cover__image-background wp-image-127\" alt=\"\" src=\"http:\/\/sagot-conseil.com\/wp-content\/uploads\/2020\/04\/sagot-conseil-cimes.jpg\" style=\"object-position:50% 54%\" data-object-fit=\"cover\" data-object-position=\"50% 54%\" srcset=\"https:\/\/sagot-conseil.com\/wp-content\/uploads\/2020\/04\/sagot-conseil-cimes.jpg 1024w, https:\/\/sagot-conseil.com\/wp-content\/uploads\/2020\/04\/sagot-conseil-cimes-300x139.jpg 300w, https:\/\/sagot-conseil.com\/wp-content\/uploads\/2020\/04\/sagot-conseil-cimes-768x355.jpg 768w\" sizes=\"(max-width: 1024px) 100vw, 1024px\" \/><div class=\"wp-block-cover__inner-container\">\n<p class=\"has-text-align-center has-large-font-size\"><\/p>\n<\/div><\/div>\n\n\n\n<div class=\"wp-container-3 wp-block-columns\">\n<div class=\"wp-container-1 wp-block-column\"><\/div>\n\n\n\n<div class=\"wp-container-2 wp-block-column\"><\/div>\n<\/div>\n\n\n\n<div class=\"wp-container-6 wp-block-columns alignfull\">\n<div class=\"wp-container-4 wp-block-column\">\n<h4>Supervision Individuelle et Mentoring<\/h4>\n\n\n\n<figure class=\"wp-block-image size-large\"><img loading=\"lazy\" width=\"1024\" height=\"645\" src=\"http:\/\/sagot-conseil.com\/wp-content\/uploads\/2020\/04\/sagot-conseil-tronc-arbre.jpeg\" alt=\"\" class=\"wp-image-148\" srcset=\"https:\/\/sagot-conseil.com\/wp-content\/uploads\/2020\/04\/sagot-conseil-tronc-arbre.jpeg 1024w, https:\/\/sagot-conseil.com\/wp-content\/uploads\/2020\/04\/sagot-conseil-tronc-arbre-300x189.jpeg 300w, https:\/\/sagot-conseil.com\/wp-content\/uploads\/2020\/04\/sagot-conseil-tronc-arbre-768x484.jpeg 768w\" sizes=\"(max-width: 1024px) 100vw, 1024px\" \/><\/figure>\n\n\n\n<p>Je vous accompagne en supervision individuelle selon diff\u00e9rentes modalit\u00e9s : <\/p>\n\n\n\n<ul><li><strong>Forfait de 5 \u00e0 10 s\u00e9ances mensuelles<\/strong> ou forfait sur mesure avec un rythme adapt\u00e9 selon votre besoin et votre activit\u00e9<br><\/li><li><strong>S\u00e9ances d&rsquo;une heure par t\u00e9l\u00e9phone<\/strong> ou en fonction de votre demande en visio ou en  face \u00e0 face<br><\/li><li><strong>Mentoring :<\/strong> Pr\u00e9paration aux certifications I.C.F. <br>A.C.C. et P.C.C.<\/li><\/ul>\n<\/div>\n\n\n\n<div class=\"wp-container-5 wp-block-column\">\n<h4>Supervision collective syst\u00e9mique<br><\/h4>\n\n\n\n<figure class=\"wp-block-image size-large\"><img loading=\"lazy\" width=\"1024\" height=\"645\" src=\"http:\/\/sagot-conseil.com\/wp-content\/uploads\/2020\/04\/sagot-conseil-reflet.jpg\" alt=\"\" class=\"wp-image-142\" srcset=\"https:\/\/sagot-conseil.com\/wp-content\/uploads\/2020\/04\/sagot-conseil-reflet.jpg 1024w, https:\/\/sagot-conseil.com\/wp-content\/uploads\/2020\/04\/sagot-conseil-reflet-300x189.jpg 300w, https:\/\/sagot-conseil.com\/wp-content\/uploads\/2020\/04\/sagot-conseil-reflet-768x484.jpg 768w\" sizes=\"(max-width: 1024px) 100vw, 1024px\" \/><\/figure>\n\n\n\n<p>Je vous propose une supervision  collective avec le cadre du coaching syst\u00e9mique et des 8 comp\u00e9tences de l&rsquo;International Coaching F\u00e9d\u00e9ration.<\/p>\n\n\n\n<ul><li>Un lieu respectueux de votre singularit\u00e9 et un laboratoire collaboratif de croissance<\/li><li>En petit groupe de professionnel  destin\u00e9 \u00e0 des coachs form\u00e9s et ayant d\u00e9j\u00e0 une pratique professionnelle du coaching que ce soit en tant qu&rsquo;ind\u00e9pendant, ou en interne (RH, coach interne, leader de transformation).<\/li><\/ul>\n\n\n\n<h4>Agenda 2025-2026<\/h4>\n\n\n\n<h6>A Paris &#8211; Pr\u00e9sentiel -Journ\u00e9e Cycle 2025\/2026<\/h6>\n\n\n\n<p>Un groupe de 6 s\u00e9ances \u00e0 raison d&rsquo;une s\u00e9ance d&rsquo;une journ\u00e9e \u00e0 Paris tous les deux mois environ (engagement sur 5 s\u00e9ances minimum) <\/p>\n\n\n\n<ul><li>lundi 29 septembre 2025<\/li><li>lundi 24 novembre 2025<\/li><li>lundi 26 janvier 2026<\/li><li>lundi 23 mars 2026<\/li><li>lundi 18 mai 2026<\/li><li>lundi 6 juillet 2026<\/li><\/ul>\n\n\n\n<ul><li>pour le d\u00e9but du cycle suivant : <\/li><li><em>lundi 28 septembre 2026<\/em><\/li><li><em>lundi 23 novembre 2026<\/em><\/li><\/ul>\n\n\n\n<h6>A Paris &#8211; Pr\u00e9sentiel -Journ\u00e9e Cycle annuel<\/h6>\n\n\n\n<p>Un autre groupe de 5 s\u00e9ances \u00e0 raison d&rsquo;une s\u00e9ance d&rsquo;une journ\u00e9e \u00e0 Paris tous les deux mois environ (engagement sur 5 s\u00e9ances minimum) <\/p>\n\n\n\n<ul><li>lundi 10 f\u00e9vrier 2025<\/li><li>lundi 7 avril  2025<\/li><li>lundi 16 juin 2025<\/li><li>lundi 22 septembre 2025<\/li><li>lundi 17 novembre 2025<\/li><\/ul>\n\n\n\n<ul><li><strong>Cycle 2026 :<\/strong> <\/li><li>lundi 2 f\u00e9vrier 2026<\/li><li>lundi 30 mars  2026<\/li><li>lundi 8 juin 2026<\/li><li>lundi 21 septembre 2026<\/li><li>lundi 16 novembre 2026<\/li><\/ul>\n\n\n\n<p><\/p>\n\n\n\n<h6>Distanciel -DEMI Journ\u00e9e<\/h6>\n\n\n\n<p>6 s\u00e9ances sur Zoom le lundi de 14h \u00e0 18h (engagement sur 5 s\u00e9ances minimum) &#8211; Groupe de 6 \u00e0 8 personnes. Cette supervision en distanciel peut-\u00eatre combin\u00e9e avec des supervisions individuelles.<\/p>\n\n\n\n<ul><li>en cours de programmation<\/li><\/ul>\n\n\n\n<p><\/p>\n<\/div>\n<\/div>\n\n\n\n<p><\/p>\n\n\n\n<div class=\"wp-container-7 wp-block-buttons\">\n<div class=\"wp-block-button is-style-outline\"><a class=\"wp-block-button__link\" href=\"http:\/\/sagot-conseil.com\/index.php\/contact\/\" target=\"_blank\" rel=\"noreferrer noopener\">Pour recevoir des informations d\u00e9taill\u00e9es<\/a><\/div>\n<\/div>\n","protected":false},"excerpt":{"rendered":"<p>Vous cherchez un espace inspirant, d&rsquo;accueil inconditionnel pour d\u00e9velopper votre envergure de coach et votre geste professionnel. Vous souhaitez vous d\u00e9gager des situations dans lesquelles vous vous sentez \u201cattrap\u00e9s\u201d et explorer plus le champ de la pr\u00e9sence, de la r\u00e9sonance, de la cr\u00e9ativit\u00e9 et du minimalisme? Je vous accompagne dans un cadre structurant avec une [&hellip;]<\/p>\n","protected":false},"author":1,"featured_media":0,"parent":0,"menu_order":0,"comment_status":"closed","ping_status":"closed","template":"","meta":{"_uag_custom_page_level_css":""},"yoast_head":"<!-- This site is optimized with the Yoast SEO plugin v20.1 - https:\/\/yoast.com\/wordpress\/plugins\/seo\/ -->\n<title>Supervision - Sagot Conseil<\/title>\n<meta name=\"description\" content=\"Supervision individuelle- Supervision collective de coach et de manager- Mentoring En pr\u00e9sentiel \u00e0 Paris et \u00e0 distance.\" \/>\n<meta name=\"robots\" content=\"index, follow, max-snippet:-1, max-image-preview:large, max-video-preview:-1\" \/>\n<link rel=\"canonical\" href=\"https:\/\/sagot-conseil.com\/index.php\/supervision-individuelle-et-collective\/\" \/>\n<meta property=\"og:locale\" content=\"fr_FR\" \/>\n<meta property=\"og:type\" content=\"article\" \/>\n<meta property=\"og:title\" content=\"Supervision - Sagot Conseil\" \/>\n<meta property=\"og:description\" content=\"Supervision individuelle- Supervision collective de coach et de manager- Mentoring En pr\u00e9sentiel \u00e0 Paris et \u00e0 distance.\" \/>\n<meta property=\"og:url\" content=\"https:\/\/sagot-conseil.com\/index.php\/supervision-individuelle-et-collective\/\" \/>\n<meta property=\"og:site_name\" content=\"Sagot Conseil\" \/>\n<meta property=\"article:modified_time\" content=\"2025-05-15T11:59:02+00:00\" \/>\n<meta property=\"og:image\" content=\"http:\/\/sagot-conseil.com\/wp-content\/uploads\/2020\/04\/sagot-conseil-cimes.jpg\" \/>\n<meta name=\"twitter:card\" content=\"summary_large_image\" \/>\n<meta name=\"twitter:label1\" content=\"Dur\u00e9e de lecture estim\u00e9e\" \/>\n\t<meta name=\"twitter:data1\" content=\"3 minutes\" \/>\n<script type=\"application\/ld+json\" class=\"yoast-schema-graph\">{\"@context\":\"https:\/\/schema.org\",\"@graph\":[{\"@type\":\"WebPage\",\"@id\":\"https:\/\/sagot-conseil.com\/index.php\/supervision-individuelle-et-collective\/\",\"url\":\"https:\/\/sagot-conseil.com\/index.php\/supervision-individuelle-et-collective\/\",\"name\":\"Supervision - Sagot Conseil\",\"isPartOf\":{\"@id\":\"https:\/\/sagot-conseil.com\/#website\"},\"datePublished\":\"2020-04-29T08:40:32+00:00\",\"dateModified\":\"2025-05-15T11:59:02+00:00\",\"description\":\"Supervision individuelle- Supervision collective de coach et de manager- Mentoring En pr\u00e9sentiel \u00e0 Paris et \u00e0 distance.\",\"breadcrumb\":{\"@id\":\"https:\/\/sagot-conseil.com\/index.php\/supervision-individuelle-et-collective\/#breadcrumb\"},\"inLanguage\":\"fr-FR\",\"potentialAction\":[{\"@type\":\"ReadAction\",\"target\":[\"https:\/\/sagot-conseil.com\/index.php\/supervision-individuelle-et-collective\/\"]}]},{\"@type\":\"BreadcrumbList\",\"@id\":\"https:\/\/sagot-conseil.com\/index.php\/supervision-individuelle-et-collective\/#breadcrumb\",\"itemListElement\":[{\"@type\":\"ListItem\",\"position\":1,\"name\":\"Accueil\",\"item\":\"https:\/\/sagot-conseil.com\/\"},{\"@type\":\"ListItem\",\"position\":2,\"name\":\"Supervision\"}]},{\"@type\":\"WebSite\",\"@id\":\"https:\/\/sagot-conseil.com\/#website\",\"url\":\"https:\/\/sagot-conseil.com\/\",\"name\":\"Sagot Conseil\",\"description\":\"\",\"publisher\":{\"@id\":\"https:\/\/sagot-conseil.com\/#organization\"},\"potentialAction\":[{\"@type\":\"SearchAction\",\"target\":{\"@type\":\"EntryPoint\",\"urlTemplate\":\"https:\/\/sagot-conseil.com\/?s={search_term_string}\"},\"query-input\":\"required name=search_term_string\"}],\"inLanguage\":\"fr-FR\"},{\"@type\":\"Organization\",\"@id\":\"https:\/\/sagot-conseil.com\/#organization\",\"name\":\"de l'intention \u00e0 l'action\",\"url\":\"https:\/\/sagot-conseil.com\/\",\"logo\":{\"@type\":\"ImageObject\",\"inLanguage\":\"fr-FR\",\"@id\":\"https:\/\/sagot-conseil.com\/#\/schema\/logo\/image\/\",\"url\":\"http:\/\/sagot-conseil.com\/wp-content\/uploads\/2020\/05\/SAGOT-LOGO-RVB-500.gif\",\"contentUrl\":\"http:\/\/sagot-conseil.com\/wp-content\/uploads\/2020\/05\/SAGOT-LOGO-RVB-500.gif\",\"width\":500,\"height\":516,\"caption\":\"de l'intention \u00e0 l'action\"},\"image\":{\"@id\":\"https:\/\/sagot-conseil.com\/#\/schema\/logo\/image\/\"}}]}<\/script>\n<!-- \/ Yoast SEO plugin. -->","yoast_head_json":{"title":"Supervision - Sagot Conseil","description":"Supervision individuelle- Supervision collective de coach et de manager- Mentoring En pr\u00e9sentiel \u00e0 Paris et \u00e0 distance.","robots":{"index":"index","follow":"follow","max-snippet":"max-snippet:-1","max-image-preview":"max-image-preview:large","max-video-preview":"max-video-preview:-1"},"canonical":"https:\/\/sagot-conseil.com\/index.php\/supervision-individuelle-et-collective\/","og_locale":"fr_FR","og_type":"article","og_title":"Supervision - Sagot Conseil","og_description":"Supervision individuelle- Supervision collective de coach et de manager- Mentoring En pr\u00e9sentiel \u00e0 Paris et \u00e0 distance.","og_url":"https:\/\/sagot-conseil.com\/index.php\/supervision-individuelle-et-collective\/","og_site_name":"Sagot Conseil","article_modified_time":"2025-05-15T11:59:02+00:00","og_image":[{"url":"http:\/\/sagot-conseil.com\/wp-content\/uploads\/2020\/04\/sagot-conseil-cimes.jpg"}],"twitter_card":"summary_large_image","twitter_misc":{"Dur\u00e9e de lecture estim\u00e9e":"3 minutes"},"schema":{"@context":"https:\/\/schema.org","@graph":[{"@type":"WebPage","@id":"https:\/\/sagot-conseil.com\/index.php\/supervision-individuelle-et-collective\/","url":"https:\/\/sagot-conseil.com\/index.php\/supervision-individuelle-et-collective\/","name":"Supervision - Sagot Conseil","isPartOf":{"@id":"https:\/\/sagot-conseil.com\/#website"},"datePublished":"2020-04-29T08:40:32+00:00","dateModified":"2025-05-15T11:59:02+00:00","description":"Supervision individuelle- Supervision collective de coach et de manager- Mentoring En pr\u00e9sentiel \u00e0 Paris et \u00e0 distance.","breadcrumb":{"@id":"https:\/\/sagot-conseil.com\/index.php\/supervision-individuelle-et-collective\/#breadcrumb"},"inLanguage":"fr-FR","potentialAction":[{"@type":"ReadAction","target":["https:\/\/sagot-conseil.com\/index.php\/supervision-individuelle-et-collective\/"]}]},{"@type":"BreadcrumbList","@id":"https:\/\/sagot-conseil.com\/index.php\/supervision-individuelle-et-collective\/#breadcrumb","itemListElement":[{"@type":"ListItem","position":1,"name":"Accueil","item":"https:\/\/sagot-conseil.com\/"},{"@type":"ListItem","position":2,"name":"Supervision"}]},{"@type":"WebSite","@id":"https:\/\/sagot-conseil.com\/#website","url":"https:\/\/sagot-conseil.com\/","name":"Sagot Conseil","description":"","publisher":{"@id":"https:\/\/sagot-conseil.com\/#organization"},"potentialAction":[{"@type":"SearchAction","target":{"@type":"EntryPoint","urlTemplate":"https:\/\/sagot-conseil.com\/?s={search_term_string}"},"query-input":"required name=search_term_string"}],"inLanguage":"fr-FR"},{"@type":"Organization","@id":"https:\/\/sagot-conseil.com\/#organization","name":"de l'intention \u00e0 l'action","url":"https:\/\/sagot-conseil.com\/","logo":{"@type":"ImageObject","inLanguage":"fr-FR","@id":"https:\/\/sagot-conseil.com\/#\/schema\/logo\/image\/","url":"http:\/\/sagot-conseil.com\/wp-content\/uploads\/2020\/05\/SAGOT-LOGO-RVB-500.gif","contentUrl":"http:\/\/sagot-conseil.com\/wp-content\/uploads\/2020\/05\/SAGOT-LOGO-RVB-500.gif","width":500,"height":516,"caption":"de l'intention \u00e0 l'action"},"image":{"@id":"https:\/\/sagot-conseil.com\/#\/schema\/logo\/image\/"}}]}},"uagb_featured_image_src":{"full":false,"thumbnail":false,"medium":false,"medium_large":false,"large":false,"1536x1536":false,"2048x2048":false,"post-thumbnail":false,"twentytwenty-fullscreen":false},"uagb_author_info":{"display_name":"V\u00e9ronique Sagot","author_link":"https:\/\/sagot-conseil.com\/index.php\/author\/admin1875\/"},"uagb_comment_info":0,"uagb_excerpt":"Vous cherchez un espace inspirant, d&rsquo;accueil inconditionnel pour d\u00e9velopper votre envergure de coach et votre geste professionnel. Vous souhaitez vous d\u00e9gager des situations dans lesquelles vous vous sentez \u201cattrap\u00e9s\u201d et explorer plus le champ de la pr\u00e9sence, de la r\u00e9sonance, de la cr\u00e9ativit\u00e9 et du minimalisme? Je vous accompagne dans un cadre structurant avec une\u2026","_links":{"self":[{"href":"https:\/\/sagot-conseil.com\/index.php\/wp-json\/wp\/v2\/pages\/261"}],"collection":[{"href":"https:\/\/sagot-conseil.com\/index.php\/wp-json\/wp\/v2\/pages"}],"about":[{"href":"https:\/\/sagot-conseil.com\/index.php\/wp-json\/wp\/v2\/types\/page"}],"author":[{"embeddable":true,"href":"https:\/\/sagot-conseil.com\/index.php\/wp-json\/wp\/v2\/users\/1"}],"replies":[{"embeddable":true,"href":"https:\/\/sagot-conseil.com\/index.php\/wp-json\/wp\/v2\/comments?post=261"}],"version-history":[{"count":43,"href":"https:\/\/sagot-conseil.com\/index.php\/wp-json\/wp\/v2\/pages\/261\/revisions"}],"predecessor-version":[{"id":861,"href":"https:\/\/sagot-conseil.com\/index.php\/wp-json\/wp\/v2\/pages\/261\/revisions\/861"}],"wp:attachment":[{"href":"https:\/\/sagot-conseil.com\/index.php\/wp-json\/wp\/v2\/media?parent=261"}],"curies":[{"name":"wp","href":"https:\/\/api.w.org\/{rel}","templated":true}]}}