{"id":26,"date":"2020-04-16T15:58:21","date_gmt":"2020-04-16T13:58:21","guid":{"rendered":"http:\/\/sagot-conseil.com\/?page_id=26"},"modified":"2020-08-31T17:08:53","modified_gmt":"2020-08-31T15:08:53","slug":"contact","status":"publish","type":"page","link":"https:\/\/sagot-conseil.com\/index.php\/contact\/","title":{"rendered":"Contact"},"content":{"rendered":"<p>Une question, un besoin, un projet&#8230;<\/p>\n<p>T\u00e9l\u00e9phone :&nbsp; + 33 6 79 67 22 61 <br>Mail : veronique@sagot-conseil.com ou <a href=\"mailto:veronique@sagot-conseil.com\">\u00e9crivez-moi ici<\/a><br>Paris &#8211; France<\/p>\n\n\n<div class=\"wp-block-cover alignfull has-background-dim-20 has-background-dim\" style=\"background-image:url(http:\/\/sagot-conseil.com\/wp-content\/uploads\/2020\/04\/sagot-coaching-accueil.jpg);background-position:47% 70%;min-height:266px\"><div class=\"wp-block-cover__inner-container\">\n<p class=\"has-text-align-center has-background-color has-text-color\" style=\"font-size:39px\"><strong>Au plaisir de faire connaissance<\/strong><\/p>\n<\/div><\/div>\n","protected":false},"excerpt":{"rendered":"<p>Une question, un besoin, un projet&#8230; T\u00e9l\u00e9phone :&nbsp; + 33 6 79 67 22 61 Mail : veronique@sagot-conseil.com ou \u00e9crivez-moi iciParis &#8211; France<\/p>\n","protected":false},"author":1,"featured_media":0,"parent":0,"menu_order":0,"comment_status":"closed","ping_status":"closed","template":"","meta":{"_uag_custom_page_level_css":""},"yoast_head":"<!-- This site is optimized with the Yoast SEO plugin v20.1 - https:\/\/yoast.com\/wordpress\/plugins\/seo\/ -->\n<title>Contact - Sagot Conseil<\/title>\n<meta name=\"description\" content=\"contact et coordonn\u00e9es V\u00e9ronique Sagot Coach et Superviseur Paris\" \/>\n<meta name=\"robots\" content=\"index, follow, max-snippet:-1, max-image-preview:large, max-video-preview:-1\" \/>\n<link rel=\"canonical\" href=\"https:\/\/sagot-conseil.com\/index.php\/contact\/\" \/>\n<meta property=\"og:locale\" content=\"fr_FR\" \/>\n<meta property=\"og:type\" content=\"article\" \/>\n<meta property=\"og:title\" content=\"Contact - Sagot Conseil\" \/>\n<meta property=\"og:description\" content=\"contact et coordonn\u00e9es V\u00e9ronique Sagot Coach et Superviseur Paris\" \/>\n<meta property=\"og:url\" content=\"https:\/\/sagot-conseil.com\/index.php\/contact\/\" \/>\n<meta property=\"og:site_name\" content=\"Sagot Conseil\" \/>\n<meta property=\"article:modified_time\" content=\"2020-08-31T15:08:53+00:00\" \/>\n<meta name=\"twitter:card\" content=\"summary_large_image\" \/>\n<script type=\"application\/ld+json\" class=\"yoast-schema-graph\">{\"@context\":\"https:\/\/schema.org\",\"@graph\":[{\"@type\":\"WebPage\",\"@id\":\"https:\/\/sagot-conseil.com\/index.php\/contact\/\",\"url\":\"https:\/\/sagot-conseil.com\/index.php\/contact\/\",\"name\":\"Contact - Sagot Conseil\",\"isPartOf\":{\"@id\":\"https:\/\/sagot-conseil.com\/#website\"},\"datePublished\":\"2020-04-16T13:58:21+00:00\",\"dateModified\":\"2020-08-31T15:08:53+00:00\",\"description\":\"contact et coordonn\u00e9es V\u00e9ronique Sagot Coach et Superviseur Paris\",\"breadcrumb\":{\"@id\":\"https:\/\/sagot-conseil.com\/index.php\/contact\/#breadcrumb\"},\"inLanguage\":\"fr-FR\",\"potentialAction\":[{\"@type\":\"ReadAction\",\"target\":[\"https:\/\/sagot-conseil.com\/index.php\/contact\/\"]}]},{\"@type\":\"BreadcrumbList\",\"@id\":\"https:\/\/sagot-conseil.com\/index.php\/contact\/#breadcrumb\",\"itemListElement\":[{\"@type\":\"ListItem\",\"position\":1,\"name\":\"Accueil\",\"item\":\"https:\/\/sagot-conseil.com\/\"},{\"@type\":\"ListItem\",\"position\":2,\"name\":\"Contact\"}]},{\"@type\":\"WebSite\",\"@id\":\"https:\/\/sagot-conseil.com\/#website\",\"url\":\"https:\/\/sagot-conseil.com\/\",\"name\":\"Sagot Conseil\",\"description\":\"\",\"publisher\":{\"@id\":\"https:\/\/sagot-conseil.com\/#organization\"},\"potentialAction\":[{\"@type\":\"SearchAction\",\"target\":{\"@type\":\"EntryPoint\",\"urlTemplate\":\"https:\/\/sagot-conseil.com\/?s={search_term_string}\"},\"query-input\":\"required name=search_term_string\"}],\"inLanguage\":\"fr-FR\"},{\"@type\":\"Organization\",\"@id\":\"https:\/\/sagot-conseil.com\/#organization\",\"name\":\"de l'intention \u00e0 l'action\",\"url\":\"https:\/\/sagot-conseil.com\/\",\"logo\":{\"@type\":\"ImageObject\",\"inLanguage\":\"fr-FR\",\"@id\":\"https:\/\/sagot-conseil.com\/#\/schema\/logo\/image\/\",\"url\":\"http:\/\/sagot-conseil.com\/wp-content\/uploads\/2020\/05\/SAGOT-LOGO-RVB-500.gif\",\"contentUrl\":\"http:\/\/sagot-conseil.com\/wp-content\/uploads\/2020\/05\/SAGOT-LOGO-RVB-500.gif\",\"width\":500,\"height\":516,\"caption\":\"de l'intention \u00e0 l'action\"},\"image\":{\"@id\":\"https:\/\/sagot-conseil.com\/#\/schema\/logo\/image\/\"}}]}<\/script>\n<!-- \/ Yoast SEO plugin. -->","yoast_head_json":{"title":"Contact - Sagot Conseil","description":"contact et coordonn\u00e9es V\u00e9ronique Sagot Coach et Superviseur Paris","robots":{"index":"index","follow":"follow","max-snippet":"max-snippet:-1","max-image-preview":"max-image-preview:large","max-video-preview":"max-video-preview:-1"},"canonical":"https:\/\/sagot-conseil.com\/index.php\/contact\/","og_locale":"fr_FR","og_type":"article","og_title":"Contact - Sagot Conseil","og_description":"contact et coordonn\u00e9es V\u00e9ronique Sagot Coach et Superviseur Paris","og_url":"https:\/\/sagot-conseil.com\/index.php\/contact\/","og_site_name":"Sagot Conseil","article_modified_time":"2020-08-31T15:08:53+00:00","twitter_card":"summary_large_image","schema":{"@context":"https:\/\/schema.org","@graph":[{"@type":"WebPage","@id":"https:\/\/sagot-conseil.com\/index.php\/contact\/","url":"https:\/\/sagot-conseil.com\/index.php\/contact\/","name":"Contact - Sagot Conseil","isPartOf":{"@id":"https:\/\/sagot-conseil.com\/#website"},"datePublished":"2020-04-16T13:58:21+00:00","dateModified":"2020-08-31T15:08:53+00:00","description":"contact et coordonn\u00e9es V\u00e9ronique Sagot Coach et Superviseur Paris","breadcrumb":{"@id":"https:\/\/sagot-conseil.com\/index.php\/contact\/#breadcrumb"},"inLanguage":"fr-FR","potentialAction":[{"@type":"ReadAction","target":["https:\/\/sagot-conseil.com\/index.php\/contact\/"]}]},{"@type":"BreadcrumbList","@id":"https:\/\/sagot-conseil.com\/index.php\/contact\/#breadcrumb","itemListElement":[{"@type":"ListItem","position":1,"name":"Accueil","item":"https:\/\/sagot-conseil.com\/"},{"@type":"ListItem","position":2,"name":"Contact"}]},{"@type":"WebSite","@id":"https:\/\/sagot-conseil.com\/#website","url":"https:\/\/sagot-conseil.com\/","name":"Sagot Conseil","description":"","publisher":{"@id":"https:\/\/sagot-conseil.com\/#organization"},"potentialAction":[{"@type":"SearchAction","target":{"@type":"EntryPoint","urlTemplate":"https:\/\/sagot-conseil.com\/?s={search_term_string}"},"query-input":"required name=search_term_string"}],"inLanguage":"fr-FR"},{"@type":"Organization","@id":"https:\/\/sagot-conseil.com\/#organization","name":"de l'intention \u00e0 l'action","url":"https:\/\/sagot-conseil.com\/","logo":{"@type":"ImageObject","inLanguage":"fr-FR","@id":"https:\/\/sagot-conseil.com\/#\/schema\/logo\/image\/","url":"http:\/\/sagot-conseil.com\/wp-content\/uploads\/2020\/05\/SAGOT-LOGO-RVB-500.gif","contentUrl":"http:\/\/sagot-conseil.com\/wp-content\/uploads\/2020\/05\/SAGOT-LOGO-RVB-500.gif","width":500,"height":516,"caption":"de l'intention \u00e0 l'action"},"image":{"@id":"https:\/\/sagot-conseil.com\/#\/schema\/logo\/image\/"}}]}},"uagb_featured_image_src":{"full":false,"thumbnail":false,"medium":false,"medium_large":false,"large":false,"1536x1536":false,"2048x2048":false,"post-thumbnail":false,"twentytwenty-fullscreen":false},"uagb_author_info":{"display_name":"V\u00e9ronique Sagot","author_link":"https:\/\/sagot-conseil.com\/index.php\/author\/admin1875\/"},"uagb_comment_info":0,"uagb_excerpt":"Une question, un besoin, un projet&#8230; T\u00e9l\u00e9phone :&nbsp; + 33 6 79 67 22 61 Mail : veronique@sagot-conseil.com ou \u00e9crivez-moi iciParis &#8211; France","_links":{"self":[{"href":"https:\/\/sagot-conseil.com\/index.php\/wp-json\/wp\/v2\/pages\/26"}],"collection":[{"href":"https:\/\/sagot-conseil.com\/index.php\/wp-json\/wp\/v2\/pages"}],"about":[{"href":"https:\/\/sagot-conseil.com\/index.php\/wp-json\/wp\/v2\/types\/page"}],"author":[{"embeddable":true,"href":"https:\/\/sagot-conseil.com\/index.php\/wp-json\/wp\/v2\/users\/1"}],"replies":[{"embeddable":true,"href":"https:\/\/sagot-conseil.com\/index.php\/wp-json\/wp\/v2\/comments?post=26"}],"version-history":[{"count":15,"href":"https:\/\/sagot-conseil.com\/index.php\/wp-json\/wp\/v2\/pages\/26\/revisions"}],"predecessor-version":[{"id":821,"href":"https:\/\/sagot-conseil.com\/index.php\/wp-json\/wp\/v2\/pages\/26\/revisions\/821"}],"wp:attachment":[{"href":"https:\/\/sagot-conseil.com\/index.php\/wp-json\/wp\/v2\/media?parent=26"}],"curies":[{"name":"wp","href":"https:\/\/api.w.org\/{rel}","templated":true}]}}