{"id":25,"date":"2020-04-16T15:58:21","date_gmt":"2020-04-16T13:58:21","guid":{"rendered":"http:\/\/sagot-conseil.com\/?page_id=25"},"modified":"2020-05-31T18:52:53","modified_gmt":"2020-05-31T16:52:53","slug":"a-propos-de","status":"publish","type":"page","link":"https:\/\/sagot-conseil.com\/index.php\/a-propos-de\/","title":{"rendered":"V\u00e9ronique  Sagot"},"content":{"rendered":"\n<div class=\"wp-block-media-text alignfull is-stacked-on-mobile is-vertically-aligned-top is-image-fill\" style=\"grid-template-columns:40% auto\"><figure class=\"wp-block-media-text__media\" style=\"background-image:url(http:\/\/sagot-conseil.com\/wp-content\/uploads\/2020\/04\/Gwladys-Louiset-Photography-4-copie-681x1024.jpg);background-position:50% 50%\"><img loading=\"lazy\" width=\"681\" height=\"1024\" src=\"http:\/\/sagot-conseil.com\/wp-content\/uploads\/2020\/04\/Gwladys-Louiset-Photography-4-copie-681x1024.jpg\" alt=\"Veronique Sagot - Coach et Superviseur\" class=\"wp-image-390\" srcset=\"https:\/\/sagot-conseil.com\/wp-content\/uploads\/2020\/04\/Gwladys-Louiset-Photography-4-copie-681x1024.jpg 681w, https:\/\/sagot-conseil.com\/wp-content\/uploads\/2020\/04\/Gwladys-Louiset-Photography-4-copie-200x300.jpg 200w, https:\/\/sagot-conseil.com\/wp-content\/uploads\/2020\/04\/Gwladys-Louiset-Photography-4-copie-768x1154.jpg 768w, https:\/\/sagot-conseil.com\/wp-content\/uploads\/2020\/04\/Gwladys-Louiset-Photography-4-copie-1022x1536.jpg 1022w, https:\/\/sagot-conseil.com\/wp-content\/uploads\/2020\/04\/Gwladys-Louiset-Photography-4-copie-1363x2048.jpg 1363w, https:\/\/sagot-conseil.com\/wp-content\/uploads\/2020\/04\/Gwladys-Louiset-Photography-4-copie-1200x1804.jpg 1200w, https:\/\/sagot-conseil.com\/wp-content\/uploads\/2020\/04\/Gwladys-Louiset-Photography-4-copie-1980x2976.jpg 1980w, https:\/\/sagot-conseil.com\/wp-content\/uploads\/2020\/04\/Gwladys-Louiset-Photography-4-copie-scaled.jpg 1703w\" sizes=\"(max-width: 681px) 100vw, 681px\" \/><\/figure><div class=\"wp-block-media-text__content\">\n<h3 class=\"has-text-align-center\">Coach &amp; Superviseur<\/h3>\n\n\n\n<blockquote class=\"wp-block-quote\"><p>A path is made by walking on it<\/p><cite>Zhang Zi<\/cite><\/blockquote>\n\n\n\n<p>L\u2019\u0153il en \u00e9ventail et le c\u0153ur vibrant, j\u2019ouvre des voies. Je permets \u00e0 chacun de se relier \u00e0 sa singularit\u00e9 pour \u00caTRE un leader authentique et inspirant. <br><br>Multi-dimensionnelle, r\u00e9ussir \u00e0 me d\u00e9finir a toujours \u00e9t\u00e9 une qu\u00eate impossible! Comme Zhang Zi  le rappelle, c&rsquo;est en avan\u00e7ant que je me suis d\u00e9couverte et que je continue d&rsquo;\u00e9voluer. <br><br>Issue d\u2019une terre de montagne, j\u2019aime la simplicit\u00e9, le pragmatisme et l\u2019humilit\u00e9. Je suis port\u00e9e par l&rsquo;envie de contribuer et par ma curiosit\u00e9. <em>D\u00e9couvrez la suite de l&rsquo;histoire un peu plus bas&#8230;<\/em><br><\/p>\n\n\n\n<p><strong>Coach certifi\u00e9<\/strong> et adh\u00e9rente \u00e0 l&rsquo;International Coaching F\u00e9d\u00e9ration (I.C.F.). Je suis engag\u00e9e dans un travail d\u2019am\u00e9lioration continue de ma pratique au travers de supervisions et d&rsquo;un suivi r\u00e9gulier de formations . <br><\/p>\n\n\n\n<div class=\"wp-block-image\"><figure class=\"aligncenter size-large\"><img loading=\"lazy\" width=\"208\" height=\"100\" src=\"http:\/\/sagot-conseil.com\/wp-content\/uploads\/2020\/04\/PCC_WEB.jpg\" alt=\"\" class=\"wp-image-365\"\/><\/figure><\/div>\n\n\n\n<p><\/p>\n<\/div><\/div>\n\n\n\n<h4>Les principales approches auxquelles je suis form\u00e9e :<\/h4>\n\n\n\n<ul><li>Coaching Syst\u00e9mique  et Coaching d&rsquo;\u00e9quipe &#8211; Alain Cardon, M\u00e9tasysteme<\/li><li>Praticien Pr\u00e9sence et Leadership &#8211; Pierre Goirand <\/li><li>Leadership Embodiment &#8211; Wendy Palmer<\/li><li>Logique Emotionnelle &#8211; Catherine Aimelet Perissol<\/li><li>Appreciative Inquiry  &#8211; Appreciative Inquiry France<\/li><li>D\u00e9marche de d\u00e9veloppement Empreinte &#8211; Juan Aragon<\/li><li>Visual Thinking et facilitation graphique &#8211; Vanina Gallo, The joyful way<\/li><li>Fondamentaux de l&rsquo;Analyse Transactionnelle &#8211; Atorg<\/li><\/ul>\n\n\n\n<h4>Mon parcours <\/h4>\n\n\n\n<p class=\"has-small-font-size\">J&rsquo;accompagne depuis 2007 des dirigeants, des leaders transverses, des entrepreneurs, des coachs dans leurs transformations personnelles et collectives.<\/p>\n\n\n\n<p class=\"has-small-font-size\">Issue d\u2019une terre de montagne, j\u2019aime la simplicit\u00e9, le pragmatisme et l\u2019humilit\u00e9. Je suis port\u00e9e par l&rsquo;envie de contribuer et par ma curiosit\u00e9. Cela m&rsquo;a amen\u00e9 \u00e0 devenir ing\u00e9nieur et \u00e0 me diriger vers les m\u00e9tiers de l&rsquo;organisation.  D&rsquo;abord dans une Caisse R\u00e9gionale du Cr\u00e9dit Agricole puis pendant 10 ans dans le groupe de distribution B. to B. Pomona,  jusqu&rsquo;\u00e0 prendre des responsabilit\u00e9s de Responsable d&rsquo;un service d&rsquo;Assistance de Ma\u00eetrise d&rsquo;ouvrage d&rsquo;une dizaines de consultants internes.<\/p>\n\n\n\n<p class=\"has-small-font-size\">Puis suivent 10 ans de mobilit\u00e9s g\u00e9ographiques et professionnelles, de confrontation \u00e0 diff\u00e9rentes r\u00e9alit\u00e9s dont celle des PME. En Normandie, je dirige une \u00e9quipe p\u00e9dagogique dans la formation professionnelle. Puis je rejoins le groupe Caisse d&rsquo;Epargne ( aujourd&rsquo;hui BPCE) en tant que consultant RH interne pour mener des projets avec les caisses r\u00e9gionales et la Direction Commerciale.  <\/p>\n\n\n\n<p class=\"has-small-font-size\">C&rsquo;est au  pied des Pyr\u00e9n\u00e9es que je lance mon activit\u00e9 de consultant et que je d\u00e9veloppe ma compr\u00e9hension  de la posture d&rsquo;entrepreneur.  La collaboration avec Juan Aragon, concepteur de la d\u00e9marche Empreinte r\u00e9ussissent \u00e0 ouvrir mes repr\u00e9sentations, mon approche de l&rsquo;accompagnement et l&rsquo;expression de ma grande sensibilit\u00e9.<\/p>\n\n\n\n<p class=\"has-small-font-size\">En 2011, de retour sur Paris, je suis form\u00e9e par Alain Cardon au coaching syst\u00e9mique. Tout \u00e0 coup, la puissance du cadre et la clart\u00e9 de la notion de contrat m&rsquo;assure les fondations solides pour entrer dans une autre dimension d&rsquo;animation collective et d&rsquo;accompagnement. La d\u00e9couverte de la posture sans intention m&rsquo;engage sur le d\u00e9veloppement de la pr\u00e9sence authentique \u00e0 la fois dans ses dimensions \u00e9motionnelles et corporelles. Exp\u00e9rimenter cette qualit\u00e9 d&rsquo;espace et de relation avec mes clients et l&rsquo;\u00e9mergence de nouveau qu&rsquo;elle permet est toujours aujourd&rsquo;hui un \u00e9merveillement.<\/p>\n\n\n\n<p class=\"has-small-font-size\">Je  puise dans la pratique du  Qi Gong depuis plus de 10 ans la dynamique et l&rsquo;\u00e9quilibre qui nourrisse cette pr\u00e9sence authentique. La d\u00e9couverte en 2012 de l&rsquo;Embodiement avec Wendy Palmer, et Pierre Goirand m&rsquo;ouvre la possibilit\u00e9 d&rsquo;introduire dans le monde professionnel, ce que j&rsquo;exp\u00e9rimente \u00e0 titre personnel.<\/p>\n\n\n\n<p class=\"has-small-font-size\"> <br>Je suis, par ailleurs, l&rsquo;auteur de chroniques nomm\u00e9es Ouvrir des perspectives rassembl\u00e9es dans deux recueils.  Dialogue entre une photographie personnelle et un texte. Regard sur le monde qui permet d&rsquo;\u00eatre un fil d&rsquo;ariane pour mieux \u00e9couter dans un aller-retour fructueux entre l&rsquo;int\u00e9rieur et l&rsquo;ext\u00e9rieur.  <\/p>\n\n\n\n<hr class=\"wp-block-separator\"\/>\n\n\n\n<div class=\"wp-container-3 wp-block-columns\">\n<div class=\"wp-container-1 wp-block-column\"><\/div>\n\n\n\n<div class=\"wp-container-2 wp-block-column\"><\/div>\n<\/div>\n\n\n\n<div class=\"wp-container-6 wp-block-group\"><div class=\"wp-block-group__inner-container\">\n<div class=\"wp-container-5 wp-block-group\"><div class=\"wp-block-group__inner-container\">\n<div class=\"wp-container-4 wp-block-group\"><div class=\"wp-block-group__inner-container\">\n<h2>Auteur de : <\/h2>\n<\/div><\/div>\n<\/div><\/div>\n<\/div><\/div>\n\n\n\n<div class=\"wp-container-10 wp-block-columns\">\n<div class=\"wp-container-7 wp-block-column\">\n<figure class=\"wp-block-image size-large\"><a href=\"https:\/\/www.bod.fr\/librairie\/ouvrir-des-perspectives-veronique-sagot-9782322150137\"><img loading=\"lazy\" width=\"1024\" height=\"1014\" src=\"http:\/\/sagot-conseil.com\/wp-content\/uploads\/2020\/04\/couverture-1024x1014.png\" alt=\"\" class=\"wp-image-409\" srcset=\"https:\/\/sagot-conseil.com\/wp-content\/uploads\/2020\/04\/couverture-1024x1014.png 1024w, https:\/\/sagot-conseil.com\/wp-content\/uploads\/2020\/04\/couverture-300x297.png 300w, https:\/\/sagot-conseil.com\/wp-content\/uploads\/2020\/04\/couverture-150x150.png 150w, https:\/\/sagot-conseil.com\/wp-content\/uploads\/2020\/04\/couverture-768x761.png 768w, https:\/\/sagot-conseil.com\/wp-content\/uploads\/2020\/04\/couverture.png 1136w\" sizes=\"(max-width: 1024px) 100vw, 1024px\" \/><\/a><figcaption>publi\u00e9 en 2018<\/figcaption><\/figure>\n<\/div>\n\n\n\n<div class=\"wp-container-8 wp-block-column\">\n<figure class=\"wp-block-image size-large\"><a href=\"https:\/\/www.bod.fr\/librairie\/ouvrir-des-perspectives-2-veronique-sagot-9782322209682\"><img loading=\"lazy\" width=\"500\" height=\"500\" src=\"http:\/\/sagot-conseil.com\/wp-content\/uploads\/2020\/05\/ouvrir_des_perspectives_2.jpg\" alt=\"\" class=\"wp-image-431\" srcset=\"https:\/\/sagot-conseil.com\/wp-content\/uploads\/2020\/05\/ouvrir_des_perspectives_2.jpg 500w, https:\/\/sagot-conseil.com\/wp-content\/uploads\/2020\/05\/ouvrir_des_perspectives_2-300x300.jpg 300w, https:\/\/sagot-conseil.com\/wp-content\/uploads\/2020\/05\/ouvrir_des_perspectives_2-150x150.jpg 150w\" sizes=\"(max-width: 500px) 100vw, 500px\" \/><\/a><figcaption>publi\u00e9 en avril 2020<\/figcaption><\/figure>\n\n\n\n<p><\/p>\n<\/div>\n\n\n\n<div class=\"wp-container-9 wp-block-column\"><\/div>\n<\/div>\n","protected":false},"excerpt":{"rendered":"<p>Les principales approches auxquelles je suis form\u00e9e : Coaching Syst\u00e9mique et Coaching d&rsquo;\u00e9quipe &#8211; Alain Cardon, M\u00e9tasysteme Praticien Pr\u00e9sence et Leadership &#8211; Pierre Goirand Leadership Embodiment &#8211; Wendy Palmer Logique Emotionnelle &#8211; Catherine Aimelet Perissol Appreciative Inquiry &#8211; Appreciative Inquiry France D\u00e9marche de d\u00e9veloppement Empreinte &#8211; Juan Aragon Visual Thinking et facilitation graphique &#8211; Vanina [&hellip;]<\/p>\n","protected":false},"author":1,"featured_media":0,"parent":0,"menu_order":0,"comment_status":"closed","ping_status":"closed","template":"","meta":{"_uag_custom_page_level_css":""},"yoast_head":"<!-- This site is optimized with the Yoast SEO plugin v20.1 - https:\/\/yoast.com\/wordpress\/plugins\/seo\/ -->\n<title>V\u00e9ronique Sagot - Sagot Conseil<\/title>\n<meta name=\"description\" content=\"V\u00e9ronique Sagot est coach &amp; superviseur. Elle accompagne dirigeants, entrepreneurs et leaders de projet.\" \/>\n<meta name=\"robots\" content=\"index, follow, max-snippet:-1, max-image-preview:large, max-video-preview:-1\" \/>\n<link rel=\"canonical\" href=\"https:\/\/sagot-conseil.com\/index.php\/a-propos-de\/\" \/>\n<meta property=\"og:locale\" content=\"fr_FR\" \/>\n<meta property=\"og:type\" content=\"article\" \/>\n<meta property=\"og:title\" content=\"V\u00e9ronique Sagot - Sagot Conseil\" \/>\n<meta property=\"og:description\" content=\"V\u00e9ronique Sagot est coach &amp; superviseur. Elle accompagne dirigeants, entrepreneurs et leaders de projet.\" \/>\n<meta property=\"og:url\" content=\"https:\/\/sagot-conseil.com\/index.php\/a-propos-de\/\" \/>\n<meta property=\"og:site_name\" content=\"Sagot Conseil\" \/>\n<meta property=\"article:modified_time\" content=\"2020-05-31T16:52:53+00:00\" \/>\n<meta property=\"og:image\" content=\"http:\/\/sagot-conseil.com\/wp-content\/uploads\/2020\/04\/Gwladys-Louiset-Photography-4-copie-681x1024.jpg\" \/>\n<meta name=\"twitter:card\" content=\"summary_large_image\" \/>\n<meta name=\"twitter:label1\" content=\"Dur\u00e9e de lecture estim\u00e9e\" \/>\n\t<meta name=\"twitter:data1\" content=\"3 minutes\" \/>\n<script type=\"application\/ld+json\" class=\"yoast-schema-graph\">{\"@context\":\"https:\/\/schema.org\",\"@graph\":[{\"@type\":\"WebPage\",\"@id\":\"https:\/\/sagot-conseil.com\/index.php\/a-propos-de\/\",\"url\":\"https:\/\/sagot-conseil.com\/index.php\/a-propos-de\/\",\"name\":\"V\u00e9ronique Sagot - Sagot Conseil\",\"isPartOf\":{\"@id\":\"https:\/\/sagot-conseil.com\/#website\"},\"datePublished\":\"2020-04-16T13:58:21+00:00\",\"dateModified\":\"2020-05-31T16:52:53+00:00\",\"description\":\"V\u00e9ronique Sagot est coach & superviseur. Elle accompagne dirigeants, entrepreneurs et leaders de projet.\",\"breadcrumb\":{\"@id\":\"https:\/\/sagot-conseil.com\/index.php\/a-propos-de\/#breadcrumb\"},\"inLanguage\":\"fr-FR\",\"potentialAction\":[{\"@type\":\"ReadAction\",\"target\":[\"https:\/\/sagot-conseil.com\/index.php\/a-propos-de\/\"]}]},{\"@type\":\"BreadcrumbList\",\"@id\":\"https:\/\/sagot-conseil.com\/index.php\/a-propos-de\/#breadcrumb\",\"itemListElement\":[{\"@type\":\"ListItem\",\"position\":1,\"name\":\"Accueil\",\"item\":\"https:\/\/sagot-conseil.com\/\"},{\"@type\":\"ListItem\",\"position\":2,\"name\":\"V\u00e9ronique Sagot\"}]},{\"@type\":\"WebSite\",\"@id\":\"https:\/\/sagot-conseil.com\/#website\",\"url\":\"https:\/\/sagot-conseil.com\/\",\"name\":\"Sagot Conseil\",\"description\":\"\",\"publisher\":{\"@id\":\"https:\/\/sagot-conseil.com\/#organization\"},\"potentialAction\":[{\"@type\":\"SearchAction\",\"target\":{\"@type\":\"EntryPoint\",\"urlTemplate\":\"https:\/\/sagot-conseil.com\/?s={search_term_string}\"},\"query-input\":\"required name=search_term_string\"}],\"inLanguage\":\"fr-FR\"},{\"@type\":\"Organization\",\"@id\":\"https:\/\/sagot-conseil.com\/#organization\",\"name\":\"de l'intention \u00e0 l'action\",\"url\":\"https:\/\/sagot-conseil.com\/\",\"logo\":{\"@type\":\"ImageObject\",\"inLanguage\":\"fr-FR\",\"@id\":\"https:\/\/sagot-conseil.com\/#\/schema\/logo\/image\/\",\"url\":\"http:\/\/sagot-conseil.com\/wp-content\/uploads\/2020\/05\/SAGOT-LOGO-RVB-500.gif\",\"contentUrl\":\"http:\/\/sagot-conseil.com\/wp-content\/uploads\/2020\/05\/SAGOT-LOGO-RVB-500.gif\",\"width\":500,\"height\":516,\"caption\":\"de l'intention \u00e0 l'action\"},\"image\":{\"@id\":\"https:\/\/sagot-conseil.com\/#\/schema\/logo\/image\/\"}}]}<\/script>\n<!-- \/ Yoast SEO plugin. -->","yoast_head_json":{"title":"V\u00e9ronique Sagot - Sagot Conseil","description":"V\u00e9ronique Sagot est coach & superviseur. Elle accompagne dirigeants, entrepreneurs et leaders de projet.","robots":{"index":"index","follow":"follow","max-snippet":"max-snippet:-1","max-image-preview":"max-image-preview:large","max-video-preview":"max-video-preview:-1"},"canonical":"https:\/\/sagot-conseil.com\/index.php\/a-propos-de\/","og_locale":"fr_FR","og_type":"article","og_title":"V\u00e9ronique Sagot - Sagot Conseil","og_description":"V\u00e9ronique Sagot est coach & superviseur. Elle accompagne dirigeants, entrepreneurs et leaders de projet.","og_url":"https:\/\/sagot-conseil.com\/index.php\/a-propos-de\/","og_site_name":"Sagot Conseil","article_modified_time":"2020-05-31T16:52:53+00:00","og_image":[{"url":"http:\/\/sagot-conseil.com\/wp-content\/uploads\/2020\/04\/Gwladys-Louiset-Photography-4-copie-681x1024.jpg"}],"twitter_card":"summary_large_image","twitter_misc":{"Dur\u00e9e de lecture estim\u00e9e":"3 minutes"},"schema":{"@context":"https:\/\/schema.org","@graph":[{"@type":"WebPage","@id":"https:\/\/sagot-conseil.com\/index.php\/a-propos-de\/","url":"https:\/\/sagot-conseil.com\/index.php\/a-propos-de\/","name":"V\u00e9ronique Sagot - Sagot Conseil","isPartOf":{"@id":"https:\/\/sagot-conseil.com\/#website"},"datePublished":"2020-04-16T13:58:21+00:00","dateModified":"2020-05-31T16:52:53+00:00","description":"V\u00e9ronique Sagot est coach & superviseur. Elle accompagne dirigeants, entrepreneurs et leaders de projet.","breadcrumb":{"@id":"https:\/\/sagot-conseil.com\/index.php\/a-propos-de\/#breadcrumb"},"inLanguage":"fr-FR","potentialAction":[{"@type":"ReadAction","target":["https:\/\/sagot-conseil.com\/index.php\/a-propos-de\/"]}]},{"@type":"BreadcrumbList","@id":"https:\/\/sagot-conseil.com\/index.php\/a-propos-de\/#breadcrumb","itemListElement":[{"@type":"ListItem","position":1,"name":"Accueil","item":"https:\/\/sagot-conseil.com\/"},{"@type":"ListItem","position":2,"name":"V\u00e9ronique Sagot"}]},{"@type":"WebSite","@id":"https:\/\/sagot-conseil.com\/#website","url":"https:\/\/sagot-conseil.com\/","name":"Sagot Conseil","description":"","publisher":{"@id":"https:\/\/sagot-conseil.com\/#organization"},"potentialAction":[{"@type":"SearchAction","target":{"@type":"EntryPoint","urlTemplate":"https:\/\/sagot-conseil.com\/?s={search_term_string}"},"query-input":"required name=search_term_string"}],"inLanguage":"fr-FR"},{"@type":"Organization","@id":"https:\/\/sagot-conseil.com\/#organization","name":"de l'intention \u00e0 l'action","url":"https:\/\/sagot-conseil.com\/","logo":{"@type":"ImageObject","inLanguage":"fr-FR","@id":"https:\/\/sagot-conseil.com\/#\/schema\/logo\/image\/","url":"http:\/\/sagot-conseil.com\/wp-content\/uploads\/2020\/05\/SAGOT-LOGO-RVB-500.gif","contentUrl":"http:\/\/sagot-conseil.com\/wp-content\/uploads\/2020\/05\/SAGOT-LOGO-RVB-500.gif","width":500,"height":516,"caption":"de l'intention \u00e0 l'action"},"image":{"@id":"https:\/\/sagot-conseil.com\/#\/schema\/logo\/image\/"}}]}},"uagb_featured_image_src":{"full":false,"thumbnail":false,"medium":false,"medium_large":false,"large":false,"1536x1536":false,"2048x2048":false,"post-thumbnail":false,"twentytwenty-fullscreen":false},"uagb_author_info":{"display_name":"V\u00e9ronique Sagot","author_link":"https:\/\/sagot-conseil.com\/index.php\/author\/admin1875\/"},"uagb_comment_info":0,"uagb_excerpt":"Les principales approches auxquelles je suis form\u00e9e : Coaching Syst\u00e9mique et Coaching d&rsquo;\u00e9quipe &#8211; Alain Cardon, M\u00e9tasysteme Praticien Pr\u00e9sence et Leadership &#8211; Pierre Goirand Leadership Embodiment &#8211; Wendy Palmer Logique Emotionnelle &#8211; Catherine Aimelet Perissol Appreciative Inquiry &#8211; Appreciative Inquiry France D\u00e9marche de d\u00e9veloppement Empreinte &#8211; Juan Aragon Visual Thinking et facilitation graphique &#8211; Vanina\u2026","_links":{"self":[{"href":"https:\/\/sagot-conseil.com\/index.php\/wp-json\/wp\/v2\/pages\/25"}],"collection":[{"href":"https:\/\/sagot-conseil.com\/index.php\/wp-json\/wp\/v2\/pages"}],"about":[{"href":"https:\/\/sagot-conseil.com\/index.php\/wp-json\/wp\/v2\/types\/page"}],"author":[{"embeddable":true,"href":"https:\/\/sagot-conseil.com\/index.php\/wp-json\/wp\/v2\/users\/1"}],"replies":[{"embeddable":true,"href":"https:\/\/sagot-conseil.com\/index.php\/wp-json\/wp\/v2\/comments?post=25"}],"version-history":[{"count":47,"href":"https:\/\/sagot-conseil.com\/index.php\/wp-json\/wp\/v2\/pages\/25\/revisions"}],"predecessor-version":[{"id":789,"href":"https:\/\/sagot-conseil.com\/index.php\/wp-json\/wp\/v2\/pages\/25\/revisions\/789"}],"wp:attachment":[{"href":"https:\/\/sagot-conseil.com\/index.php\/wp-json\/wp\/v2\/media?parent=25"}],"curies":[{"name":"wp","href":"https:\/\/api.w.org\/{rel}","templated":true}]}}