{"id":248,"date":"2020-04-17T03:58:21","date_gmt":"2020-04-17T01:58:21","guid":{"rendered":"http:\/\/sagot-conseil.com\/?page_id=248"},"modified":"2020-08-31T17:07:08","modified_gmt":"2020-08-31T15:07:08","slug":"coaching-individuel","status":"publish","type":"page","link":"https:\/\/sagot-conseil.com\/index.php\/coaching-individuel\/","title":{"rendered":"Coaching individuel"},"content":{"rendered":"\n<p>Je vous accompagne dans une d\u00e9marche de partenariat orient\u00e9e r\u00e9sultat et avenir. Aventure partag\u00e9e dont le cadre est fix\u00e9 par le contrat que nous \u00e9tablirons ensemble en d\u00e9but de coaching.<\/p>\n\n\n\n<p>\u2022 D\u00e9velopper un leadership collaboratif et cr\u00e9atif<\/p>\n\n\n\n<p>\u2022 R\u00e9v\u00e9ler son envergure et nommer l&rsquo;essentiel<\/p>\n\n\n\n<p>\u2022 D\u00e9ployer une pr\u00e9sence rayonnante<\/p>\n\n\n\n<div class=\"wp-block-media-text alignfull has-media-on-the-right is-stacked-on-mobile is-image-fill has-subtle-background-background-color has-background\"><figure class=\"wp-block-media-text__media\" style=\"background-image:url(http:\/\/sagot-conseil.com\/wp-content\/uploads\/2020\/04\/sagot-conseil-allee.jpg);background-position:50% 50%\"><img loading=\"lazy\" width=\"1024\" height=\"645\" src=\"http:\/\/sagot-conseil.com\/wp-content\/uploads\/2020\/04\/sagot-conseil-allee.jpg\" alt=\"Coaching de dirigeant\" class=\"wp-image-162\" srcset=\"https:\/\/sagot-conseil.com\/wp-content\/uploads\/2020\/04\/sagot-conseil-allee.jpg 1024w, https:\/\/sagot-conseil.com\/wp-content\/uploads\/2020\/04\/sagot-conseil-allee-300x189.jpg 300w, https:\/\/sagot-conseil.com\/wp-content\/uploads\/2020\/04\/sagot-conseil-allee-768x484.jpg 768w\" sizes=\"(max-width: 1024px) 100vw, 1024px\" \/><\/figure><div class=\"wp-block-media-text__content\">\n<h2>Dirigeants<\/h2>\n\n\n\n<p>Vous \u00eates visionnaires et intuitifs. Vous aimez aller vite. <br>Votre croissance ou les transformations \u00e0 mener vous conduisent \u00e0 repenser l&rsquo;animation des \u00e9quipes et le sens de l&rsquo;action. <\/p>\n\n\n\n<p><strong>Coaching dans la dur\u00e9e autour d&rsquo;un r\u00e9sultat souhait\u00e9 : <\/strong> des s\u00e9ances r\u00e9guli\u00e8res  sur un temps d\u00e9termin\u00e9 ensemble. <br><br><strong>Coaching \u201cStrat\u00e9gique Spot\u201d :<\/strong> un accompagnement souple qui vous permet d&rsquo;avoir un espace \u00e0 la demande de co-vision sur un sujet ponctuel. <\/p>\n<\/div><\/div>\n\n\n\n<div class=\"wp-block-media-text alignfull is-stacked-on-mobile is-image-fill has-subtle-background-background-color has-background\"><figure class=\"wp-block-media-text__media\" style=\"background-image:url(http:\/\/sagot-conseil.com\/wp-content\/uploads\/2020\/04\/sagot-conseil-voute.jpg);background-position:50% 50%\"><img loading=\"lazy\" width=\"1024\" height=\"645\" src=\"http:\/\/sagot-conseil.com\/wp-content\/uploads\/2020\/04\/sagot-conseil-voute.jpg\" alt=\"Coaching Leader de projet, fonctions support\" class=\"wp-image-168\" srcset=\"https:\/\/sagot-conseil.com\/wp-content\/uploads\/2020\/04\/sagot-conseil-voute.jpg 1024w, https:\/\/sagot-conseil.com\/wp-content\/uploads\/2020\/04\/sagot-conseil-voute-300x189.jpg 300w, https:\/\/sagot-conseil.com\/wp-content\/uploads\/2020\/04\/sagot-conseil-voute-768x484.jpg 768w\" sizes=\"(max-width: 1024px) 100vw, 1024px\" \/><\/figure><div class=\"wp-block-media-text__content\">\n<h2>Leaders de projets, fonctions supports<\/h2>\n\n\n\n<p>Au sein de vos organisations complexes et matricielles : vous souhaitez d\u00e9velopper un leadership collaboratif et cr\u00e9atif, <strong>g\u00e9n\u00e9rer plus d&rsquo;engagement<\/strong>, <strong>trouver plus de satisfaction <\/strong>dans vos projets. Vous aimeriez piloter en \u00e9tant centr\u00e9 et en harmonie avec toutes vos dimensions : performance, sensibilit\u00e9, individuel\/collectif&#8230;<\/p>\n<\/div><\/div>\n\n\n\n<div class=\"wp-block-media-text alignfull has-media-on-the-right is-stacked-on-mobile is-image-fill has-subtle-background-background-color has-background\"><figure class=\"wp-block-media-text__media\" style=\"background-image:url(http:\/\/sagot-conseil.com\/wp-content\/uploads\/2020\/04\/sagot-conseil-trace.jpeg);background-position:50% 50%\"><img loading=\"lazy\" width=\"1024\" height=\"645\" src=\"http:\/\/sagot-conseil.com\/wp-content\/uploads\/2020\/04\/sagot-conseil-trace.jpeg\" alt=\"Coaching entrepreneur\" class=\"wp-image-147\" srcset=\"https:\/\/sagot-conseil.com\/wp-content\/uploads\/2020\/04\/sagot-conseil-trace.jpeg 1024w, https:\/\/sagot-conseil.com\/wp-content\/uploads\/2020\/04\/sagot-conseil-trace-300x189.jpeg 300w, https:\/\/sagot-conseil.com\/wp-content\/uploads\/2020\/04\/sagot-conseil-trace-768x484.jpeg 768w\" sizes=\"(max-width: 1024px) 100vw, 1024px\" \/><\/figure><div class=\"wp-block-media-text__content\">\n<h2>Entrepreneurs<\/h2>\n\n\n\n<p>Vous avez lanc\u00e9 votre activit\u00e9, il y a quelques ann\u00e9es, vous cherchez <strong>un nouveau souffle<\/strong>, comment d\u00e9velopper votre activit\u00e9 de fa\u00e7on plus fluide et qui fasse <strong>plus de sens<\/strong> ? <\/p>\n\n\n\n<p>ou Expert reconnu, dans des missions g\u00e9n\u00e9ralistes et transversales, vous changez de posture, vous passez de salari\u00e9s \u00e0 consultant, coach, vous vous lancez dans l&rsquo;ind\u00e9pendance et vous ne savez pas comment <strong>d\u00e9finir votre singularit\u00e9, <\/strong>mettre en avant votre valeur ajout\u00e9e.<\/p>\n<\/div><\/div>\n\n\n\n<div class=\"wp-container-1 wp-block-buttons\">\n<div class=\"wp-block-button is-style-outline\"><a class=\"wp-block-button__link has-accent-color has-background-background-color has-text-color has-background no-border-radius\" href=\"http:\/\/sagot-conseil.com\/index.php\/contact\/\" target=\"_blank\" rel=\"noreferrer noopener\">Pour RECEVOIR DES INFORMATIONS D\u00c9TAILL\u00c9ES<\/a><\/div>\n<\/div>\n\n\n\n<div class=\"wp-container-5 wp-block-group\"><div class=\"wp-block-group__inner-container\">\n<div class=\"wp-container-4 wp-block-group\"><div class=\"wp-block-group__inner-container\">\n<div class=\"wp-container-3 wp-block-group alignwide\"><div class=\"wp-block-group__inner-container\">\n<div class=\"wp-container-2 wp-block-group has-subtle-background-background-color has-background\"><div class=\"wp-block-group__inner-container\">\n<p class=\"has-drop-cap has-small-font-size\"><strong>DEONTOLOGIE : <\/strong>Nous nous engageons \u00e0 respecter le code de d\u00e9ontologie de l\u2019ICF (International Coach Federation France) consultable <a href=\"https:\/\/www.coachfederation.fr\/je-suis-un-coach\/deontologie\/icf-code-de-deontologie\">ici <\/a>et, en particulier, \u00e0 :<\/p>\n\n\n\n<p class=\"has-small-font-size\">\u2022 Respecter une stricte confidentialit\u00e9 sur l\u2019ensemble du travail effectu\u00e9 en s\u00e9ance.<\/p>\n\n\n\n<p class=\"has-small-font-size\">\u2022 S\u2019assurer, si la d\u00e9marche est prescrite par un tiers, que la personne accompagn\u00e9e est volontaire et partage les objectifs.<\/p>\n\n\n\n<p class=\"has-small-font-size\">\u2022 Adapter notre intervention dans le respect des \u00e9tapes de d\u00e9veloppement du client. Respecter la richesse et l\u2019unicit\u00e9 de la personne, ainsi que son int\u00e9grit\u00e9.<\/p>\n\n\n\n<p class=\"has-small-font-size\">\u2022 Avertir imm\u00e9diatement nos clients et \u00e0 mettre fin au contrat si notre objectivit\u00e9 ou notre int\u00e9grit\u00e9 n\u2019est pas garantie et de proposer alors les coordonn\u00e9es d\u2019un confr\u00e8re.<\/p>\n<\/div><\/div>\n<\/div><\/div>\n<\/div><\/div>\n<\/div><\/div>\n\n\n\n<p><\/p>\n","protected":false},"excerpt":{"rendered":"<p>Je vous accompagne dans une d\u00e9marche de partenariat orient\u00e9e r\u00e9sultat et avenir. Aventure partag\u00e9e dont le cadre est fix\u00e9 par le contrat que nous \u00e9tablirons ensemble en d\u00e9but de coaching. \u2022 D\u00e9velopper un leadership collaboratif et cr\u00e9atif \u2022 R\u00e9v\u00e9ler son envergure et nommer l&rsquo;essentiel \u2022 D\u00e9ployer une pr\u00e9sence rayonnante Dirigeants Vous \u00eates visionnaires et intuitifs. [&hellip;]<\/p>\n","protected":false},"author":1,"featured_media":0,"parent":0,"menu_order":0,"comment_status":"closed","ping_status":"closed","template":"","meta":{"_uag_custom_page_level_css":""},"yoast_head":"<!-- This site is optimized with the Yoast SEO plugin v20.1 - https:\/\/yoast.com\/wordpress\/plugins\/seo\/ -->\n<title>Coaching individuel - Sagot Conseil<\/title>\n<meta name=\"description\" content=\"Coaching individuel syst\u00e9mique - Leadership inspirant - Leadership collaboratif-Dirigeants-Leader de projet-Fonctions supports-Entrepreneur\" \/>\n<meta name=\"robots\" content=\"index, follow, max-snippet:-1, max-image-preview:large, max-video-preview:-1\" \/>\n<link rel=\"canonical\" href=\"https:\/\/sagot-conseil.com\/index.php\/coaching-individuel\/\" \/>\n<meta property=\"og:locale\" content=\"fr_FR\" \/>\n<meta property=\"og:type\" content=\"article\" \/>\n<meta property=\"og:title\" content=\"Coaching individuel - Sagot Conseil\" \/>\n<meta property=\"og:description\" content=\"Coaching individuel syst\u00e9mique - Leadership inspirant - Leadership collaboratif-Dirigeants-Leader de projet-Fonctions supports-Entrepreneur\" \/>\n<meta property=\"og:url\" content=\"https:\/\/sagot-conseil.com\/index.php\/coaching-individuel\/\" \/>\n<meta property=\"og:site_name\" content=\"Sagot Conseil\" \/>\n<meta property=\"article:modified_time\" content=\"2020-08-31T15:07:08+00:00\" \/>\n<meta property=\"og:image\" content=\"http:\/\/sagot-conseil.com\/wp-content\/uploads\/2020\/04\/sagot-conseil-allee.jpg\" \/>\n<meta name=\"twitter:card\" content=\"summary_large_image\" \/>\n<meta name=\"twitter:label1\" content=\"Dur\u00e9e de lecture estim\u00e9e\" \/>\n\t<meta name=\"twitter:data1\" content=\"2 minutes\" \/>\n<script type=\"application\/ld+json\" class=\"yoast-schema-graph\">{\"@context\":\"https:\/\/schema.org\",\"@graph\":[{\"@type\":\"WebPage\",\"@id\":\"https:\/\/sagot-conseil.com\/index.php\/coaching-individuel\/\",\"url\":\"https:\/\/sagot-conseil.com\/index.php\/coaching-individuel\/\",\"name\":\"Coaching individuel - Sagot Conseil\",\"isPartOf\":{\"@id\":\"https:\/\/sagot-conseil.com\/#website\"},\"datePublished\":\"2020-04-17T01:58:21+00:00\",\"dateModified\":\"2020-08-31T15:07:08+00:00\",\"description\":\"Coaching individuel syst\u00e9mique - Leadership inspirant - Leadership collaboratif-Dirigeants-Leader de projet-Fonctions supports-Entrepreneur\",\"breadcrumb\":{\"@id\":\"https:\/\/sagot-conseil.com\/index.php\/coaching-individuel\/#breadcrumb\"},\"inLanguage\":\"fr-FR\",\"potentialAction\":[{\"@type\":\"ReadAction\",\"target\":[\"https:\/\/sagot-conseil.com\/index.php\/coaching-individuel\/\"]}]},{\"@type\":\"BreadcrumbList\",\"@id\":\"https:\/\/sagot-conseil.com\/index.php\/coaching-individuel\/#breadcrumb\",\"itemListElement\":[{\"@type\":\"ListItem\",\"position\":1,\"name\":\"Accueil\",\"item\":\"https:\/\/sagot-conseil.com\/\"},{\"@type\":\"ListItem\",\"position\":2,\"name\":\"Coaching individuel\"}]},{\"@type\":\"WebSite\",\"@id\":\"https:\/\/sagot-conseil.com\/#website\",\"url\":\"https:\/\/sagot-conseil.com\/\",\"name\":\"Sagot Conseil\",\"description\":\"\",\"publisher\":{\"@id\":\"https:\/\/sagot-conseil.com\/#organization\"},\"potentialAction\":[{\"@type\":\"SearchAction\",\"target\":{\"@type\":\"EntryPoint\",\"urlTemplate\":\"https:\/\/sagot-conseil.com\/?s={search_term_string}\"},\"query-input\":\"required name=search_term_string\"}],\"inLanguage\":\"fr-FR\"},{\"@type\":\"Organization\",\"@id\":\"https:\/\/sagot-conseil.com\/#organization\",\"name\":\"de l'intention \u00e0 l'action\",\"url\":\"https:\/\/sagot-conseil.com\/\",\"logo\":{\"@type\":\"ImageObject\",\"inLanguage\":\"fr-FR\",\"@id\":\"https:\/\/sagot-conseil.com\/#\/schema\/logo\/image\/\",\"url\":\"http:\/\/sagot-conseil.com\/wp-content\/uploads\/2020\/05\/SAGOT-LOGO-RVB-500.gif\",\"contentUrl\":\"http:\/\/sagot-conseil.com\/wp-content\/uploads\/2020\/05\/SAGOT-LOGO-RVB-500.gif\",\"width\":500,\"height\":516,\"caption\":\"de l'intention \u00e0 l'action\"},\"image\":{\"@id\":\"https:\/\/sagot-conseil.com\/#\/schema\/logo\/image\/\"}}]}<\/script>\n<!-- \/ Yoast SEO plugin. -->","yoast_head_json":{"title":"Coaching individuel - Sagot Conseil","description":"Coaching individuel syst\u00e9mique - Leadership inspirant - Leadership collaboratif-Dirigeants-Leader de projet-Fonctions supports-Entrepreneur","robots":{"index":"index","follow":"follow","max-snippet":"max-snippet:-1","max-image-preview":"max-image-preview:large","max-video-preview":"max-video-preview:-1"},"canonical":"https:\/\/sagot-conseil.com\/index.php\/coaching-individuel\/","og_locale":"fr_FR","og_type":"article","og_title":"Coaching individuel - Sagot Conseil","og_description":"Coaching individuel syst\u00e9mique - Leadership inspirant - Leadership collaboratif-Dirigeants-Leader de projet-Fonctions supports-Entrepreneur","og_url":"https:\/\/sagot-conseil.com\/index.php\/coaching-individuel\/","og_site_name":"Sagot Conseil","article_modified_time":"2020-08-31T15:07:08+00:00","og_image":[{"url":"http:\/\/sagot-conseil.com\/wp-content\/uploads\/2020\/04\/sagot-conseil-allee.jpg"}],"twitter_card":"summary_large_image","twitter_misc":{"Dur\u00e9e de lecture estim\u00e9e":"2 minutes"},"schema":{"@context":"https:\/\/schema.org","@graph":[{"@type":"WebPage","@id":"https:\/\/sagot-conseil.com\/index.php\/coaching-individuel\/","url":"https:\/\/sagot-conseil.com\/index.php\/coaching-individuel\/","name":"Coaching individuel - Sagot Conseil","isPartOf":{"@id":"https:\/\/sagot-conseil.com\/#website"},"datePublished":"2020-04-17T01:58:21+00:00","dateModified":"2020-08-31T15:07:08+00:00","description":"Coaching individuel syst\u00e9mique - Leadership inspirant - Leadership collaboratif-Dirigeants-Leader de projet-Fonctions supports-Entrepreneur","breadcrumb":{"@id":"https:\/\/sagot-conseil.com\/index.php\/coaching-individuel\/#breadcrumb"},"inLanguage":"fr-FR","potentialAction":[{"@type":"ReadAction","target":["https:\/\/sagot-conseil.com\/index.php\/coaching-individuel\/"]}]},{"@type":"BreadcrumbList","@id":"https:\/\/sagot-conseil.com\/index.php\/coaching-individuel\/#breadcrumb","itemListElement":[{"@type":"ListItem","position":1,"name":"Accueil","item":"https:\/\/sagot-conseil.com\/"},{"@type":"ListItem","position":2,"name":"Coaching individuel"}]},{"@type":"WebSite","@id":"https:\/\/sagot-conseil.com\/#website","url":"https:\/\/sagot-conseil.com\/","name":"Sagot Conseil","description":"","publisher":{"@id":"https:\/\/sagot-conseil.com\/#organization"},"potentialAction":[{"@type":"SearchAction","target":{"@type":"EntryPoint","urlTemplate":"https:\/\/sagot-conseil.com\/?s={search_term_string}"},"query-input":"required name=search_term_string"}],"inLanguage":"fr-FR"},{"@type":"Organization","@id":"https:\/\/sagot-conseil.com\/#organization","name":"de l'intention \u00e0 l'action","url":"https:\/\/sagot-conseil.com\/","logo":{"@type":"ImageObject","inLanguage":"fr-FR","@id":"https:\/\/sagot-conseil.com\/#\/schema\/logo\/image\/","url":"http:\/\/sagot-conseil.com\/wp-content\/uploads\/2020\/05\/SAGOT-LOGO-RVB-500.gif","contentUrl":"http:\/\/sagot-conseil.com\/wp-content\/uploads\/2020\/05\/SAGOT-LOGO-RVB-500.gif","width":500,"height":516,"caption":"de l'intention \u00e0 l'action"},"image":{"@id":"https:\/\/sagot-conseil.com\/#\/schema\/logo\/image\/"}}]}},"uagb_featured_image_src":{"full":false,"thumbnail":false,"medium":false,"medium_large":false,"large":false,"1536x1536":false,"2048x2048":false,"post-thumbnail":false,"twentytwenty-fullscreen":false},"uagb_author_info":{"display_name":"V\u00e9ronique Sagot","author_link":"https:\/\/sagot-conseil.com\/index.php\/author\/admin1875\/"},"uagb_comment_info":0,"uagb_excerpt":"Je vous accompagne dans une d\u00e9marche de partenariat orient\u00e9e r\u00e9sultat et avenir. Aventure partag\u00e9e dont le cadre est fix\u00e9 par le contrat que nous \u00e9tablirons ensemble en d\u00e9but de coaching. \u2022 D\u00e9velopper un leadership collaboratif et cr\u00e9atif \u2022 R\u00e9v\u00e9ler son envergure et nommer l&rsquo;essentiel \u2022 D\u00e9ployer une pr\u00e9sence rayonnante Dirigeants Vous \u00eates visionnaires et intuitifs.\u2026","_links":{"self":[{"href":"https:\/\/sagot-conseil.com\/index.php\/wp-json\/wp\/v2\/pages\/248"}],"collection":[{"href":"https:\/\/sagot-conseil.com\/index.php\/wp-json\/wp\/v2\/pages"}],"about":[{"href":"https:\/\/sagot-conseil.com\/index.php\/wp-json\/wp\/v2\/types\/page"}],"author":[{"embeddable":true,"href":"https:\/\/sagot-conseil.com\/index.php\/wp-json\/wp\/v2\/users\/1"}],"replies":[{"embeddable":true,"href":"https:\/\/sagot-conseil.com\/index.php\/wp-json\/wp\/v2\/comments?post=248"}],"version-history":[{"count":51,"href":"https:\/\/sagot-conseil.com\/index.php\/wp-json\/wp\/v2\/pages\/248\/revisions"}],"predecessor-version":[{"id":819,"href":"https:\/\/sagot-conseil.com\/index.php\/wp-json\/wp\/v2\/pages\/248\/revisions\/819"}],"wp:attachment":[{"href":"https:\/\/sagot-conseil.com\/index.php\/wp-json\/wp\/v2\/media?parent=248"}],"curies":[{"name":"wp","href":"https:\/\/api.w.org\/{rel}","templated":true}]}}