{"id":2,"date":"2020-03-03T18:05:16","date_gmt":"2020-03-03T17:05:16","guid":{"rendered":"http:\/\/sagot-conseil.com\/?page_id=2"},"modified":"2020-05-31T19:29:10","modified_gmt":"2020-05-31T17:29:10","slug":"coaching-supervision","status":"publish","type":"page","link":"https:\/\/sagot-conseil.com\/index.php\/coaching-supervision\/","title":{"rendered":"Coaching &#038; Supervision"},"content":{"rendered":"\n<p class=\"has-normal-font-size\">Seul, en \u00e9quipe, ou en groupe, je vous accompagne \u00e0 \u00eatre des leaders inspirants , \u00e0 r\u00e9ussir \u00e0 cr\u00e9er dans un monde incertain, de la confiance et de l&rsquo;ouverture, \u00e0 vous positionner en v\u00e9ritable partenaire engag\u00e9. Et ainsi \u00e0 faire la diff\u00e9rence pour cr\u00e9er du sens et du concret dans vos environnements.<\/p>\n\n\n\n<figure class=\"wp-block-image alignfull size-large\"><a href=\"http:\/\/sagot-conseil.com\/index.php\/coaching-collectif\/\"><img loading=\"lazy\" width=\"1024\" height=\"645\" src=\"http:\/\/sagot-conseil.com\/wp-content\/uploads\/2020\/04\/sagot-conseil-groupe.jpg\" alt=\"\" class=\"wp-image-134\" srcset=\"https:\/\/sagot-conseil.com\/wp-content\/uploads\/2020\/04\/sagot-conseil-groupe.jpg 1024w, https:\/\/sagot-conseil.com\/wp-content\/uploads\/2020\/04\/sagot-conseil-groupe-300x189.jpg 300w, https:\/\/sagot-conseil.com\/wp-content\/uploads\/2020\/04\/sagot-conseil-groupe-768x484.jpg 768w\" sizes=\"(max-width: 1024px) 100vw, 1024px\" \/><\/a><\/figure>\n\n\n\n<h2>Coaching collectif<\/h2>\n\n\n\n<p class=\"has-normal-font-size\">Coaching d&rsquo;\u00e9quipe de direction, S\u00e9minaire collaboratif et exp\u00e9rientiel Groupe de croissance et de pratiques manag\u00e9riales, &#8230;. je vous accompagne dans vos projets \u00e0 enjeux. <a href=\"http:\/\/sagot-conseil.com\/index.php\/coaching-collectif\/\">(&#8230;)<\/a><br><\/p>\n\n\n\n<figure class=\"wp-block-image alignfull size-large\"><a href=\"http:\/\/sagot-conseil.com\/index.php\/coaching\/\"><img loading=\"lazy\" width=\"1024\" height=\"645\" src=\"http:\/\/sagot-conseil.com\/wp-content\/uploads\/2020\/04\/sagot-conseil-atteente.jpg\" alt=\"\" class=\"wp-image-124\" srcset=\"https:\/\/sagot-conseil.com\/wp-content\/uploads\/2020\/04\/sagot-conseil-atteente.jpg 1024w, https:\/\/sagot-conseil.com\/wp-content\/uploads\/2020\/04\/sagot-conseil-atteente-300x189.jpg 300w, https:\/\/sagot-conseil.com\/wp-content\/uploads\/2020\/04\/sagot-conseil-atteente-768x484.jpg 768w\" sizes=\"(max-width: 1024px) 100vw, 1024px\" \/><\/a><\/figure>\n\n\n\n<h2>Coaching individuel<\/h2>\n\n\n\n<p class=\"has-normal-font-size\">Je vous accompagne au sein de votre organisation  dans une d\u00e9marche de partenariat orient\u00e9e r\u00e9sultat et avenir.  Aventure partag\u00e9e dont le cadre est fix\u00e9e par le contrat que nous \u00e9tablirons ensemble en d\u00e9but de coaching. Passer un cap strat\u00e9gique, changer de dimension manag\u00e9riale, d\u00e9velopper plus de fluidit\u00e9 dans le collectif  <a href=\"http:\/\/sagot-conseil.com\/index.php\/coaching\/\">(&#8230;)<\/a><\/p>\n\n\n\n<div class=\"wp-container-4 wp-block-columns\">\n<div class=\"wp-container-1 wp-block-column is-vertically-aligned-top\"><\/div>\n\n\n\n<div class=\"wp-container-2 wp-block-column\"><\/div>\n\n\n\n<div class=\"wp-container-3 wp-block-column\"><\/div>\n<\/div>\n\n\n\n<figure class=\"wp-block-image alignfull size-large\"><a href=\"http:\/\/sagot-conseil.com\/index.php\/supervision\/\"><img loading=\"lazy\" width=\"1024\" height=\"645\" src=\"http:\/\/sagot-conseil.com\/wp-content\/uploads\/2020\/04\/sagot-conseil-table-a-peinture.jpg\" alt=\"\" class=\"wp-image-146\" srcset=\"https:\/\/sagot-conseil.com\/wp-content\/uploads\/2020\/04\/sagot-conseil-table-a-peinture.jpg 1024w, https:\/\/sagot-conseil.com\/wp-content\/uploads\/2020\/04\/sagot-conseil-table-a-peinture-300x189.jpg 300w, https:\/\/sagot-conseil.com\/wp-content\/uploads\/2020\/04\/sagot-conseil-table-a-peinture-768x484.jpg 768w\" sizes=\"(max-width: 1024px) 100vw, 1024px\" \/><\/a><\/figure>\n\n\n\n<h2>Supervision<\/h2>\n\n\n\n<p class=\"has-normal-font-size\">Je vous accompagne \u00e0 explorer dans un espace de libert\u00e9 et d&rsquo;accueil inconditionnel votre pratique de coach ou d&rsquo;accompagnant, \u00e0 prendre du recul, \u00e0 vous d\u00e9gager des situations dans lesquelles vous vous sentez \u00ab\u00a0attrap\u00e9\u00a0\u00bb, et \u00e0 d\u00e9velopper pr\u00e9sence, singularit\u00e9 et envergure dans votre activit\u00e9.  Cet espace privil\u00e9gi\u00e9 est un lieu de ressourcement et de croissance  <a href=\"http:\/\/sagot-conseil.com\/index.php\/supervision\/\">(&#8230;)<\/a><\/p>\n\n\n\n<div class=\"wp-container-7 wp-block-columns\">\n<div class=\"wp-container-5 wp-block-column\" style=\"flex-basis:33.33%\">\n<p><\/p>\n<\/div>\n\n\n\n<div class=\"wp-container-6 wp-block-column\" style=\"flex-basis:66.66%\"><\/div>\n<\/div>\n\n\n\n<p><\/p>\n","protected":false},"excerpt":{"rendered":"<p>Seul, en \u00e9quipe, ou en groupe, je vous accompagne \u00e0 \u00eatre des leaders inspirants , \u00e0 r\u00e9ussir \u00e0 cr\u00e9er dans un monde incertain, de la confiance et de l&rsquo;ouverture, \u00e0 vous positionner en v\u00e9ritable partenaire engag\u00e9. Et ainsi \u00e0 faire la diff\u00e9rence pour cr\u00e9er du sens et du concret dans vos environnements. Coaching collectif Coaching [&hellip;]<\/p>\n","protected":false},"author":1,"featured_media":0,"parent":0,"menu_order":0,"comment_status":"closed","ping_status":"closed","template":"","meta":{"_uag_custom_page_level_css":""},"yoast_head":"<!-- This site is optimized with the Yoast SEO plugin v20.1 - https:\/\/yoast.com\/wordpress\/plugins\/seo\/ -->\n<title>Coaching &amp; Supervision - Sagot Conseil<\/title>\n<meta name=\"description\" content=\"Seul, en \u00e9quipe, ou en groupe, je vous accompagne \u00e0 \u00eatre des leaders inspirants , \u00e0 r\u00e9ussir \u00e0 cr\u00e9er dans un monde incertain, de la confiance et de l&#039;ouverture, \u00e0 vous positionner en v\u00e9ritable partenaire engag\u00e9\" \/>\n<meta name=\"robots\" content=\"index, follow, max-snippet:-1, max-image-preview:large, max-video-preview:-1\" \/>\n<link rel=\"canonical\" href=\"https:\/\/sagot-conseil.com\/index.php\/coaching-supervision\/\" \/>\n<meta property=\"og:locale\" content=\"fr_FR\" \/>\n<meta property=\"og:type\" content=\"article\" \/>\n<meta property=\"og:title\" content=\"Coaching &amp; Supervision - Sagot Conseil\" \/>\n<meta property=\"og:description\" content=\"Seul, en \u00e9quipe, ou en groupe, je vous accompagne \u00e0 \u00eatre des leaders inspirants , \u00e0 r\u00e9ussir \u00e0 cr\u00e9er dans un monde incertain, de la confiance et de l&#039;ouverture, \u00e0 vous positionner en v\u00e9ritable partenaire engag\u00e9\" \/>\n<meta property=\"og:url\" content=\"https:\/\/sagot-conseil.com\/index.php\/coaching-supervision\/\" \/>\n<meta property=\"og:site_name\" content=\"Sagot Conseil\" \/>\n<meta property=\"article:modified_time\" content=\"2020-05-31T17:29:10+00:00\" \/>\n<meta property=\"og:image\" content=\"http:\/\/sagot-conseil.com\/wp-content\/uploads\/2020\/04\/sagot-conseil-groupe.jpg\" \/>\n<meta name=\"twitter:card\" content=\"summary_large_image\" \/>\n<meta name=\"twitter:label1\" content=\"Dur\u00e9e de lecture estim\u00e9e\" \/>\n\t<meta name=\"twitter:data1\" content=\"1 minute\" \/>\n<script type=\"application\/ld+json\" class=\"yoast-schema-graph\">{\"@context\":\"https:\/\/schema.org\",\"@graph\":[{\"@type\":\"WebPage\",\"@id\":\"https:\/\/sagot-conseil.com\/index.php\/coaching-supervision\/\",\"url\":\"https:\/\/sagot-conseil.com\/index.php\/coaching-supervision\/\",\"name\":\"Coaching & Supervision - Sagot Conseil\",\"isPartOf\":{\"@id\":\"https:\/\/sagot-conseil.com\/#website\"},\"datePublished\":\"2020-03-03T17:05:16+00:00\",\"dateModified\":\"2020-05-31T17:29:10+00:00\",\"description\":\"Seul, en \u00e9quipe, ou en groupe, je vous accompagne \u00e0 \u00eatre des leaders inspirants , \u00e0 r\u00e9ussir \u00e0 cr\u00e9er dans un monde incertain, de la confiance et de l'ouverture, \u00e0 vous positionner en v\u00e9ritable partenaire engag\u00e9\",\"breadcrumb\":{\"@id\":\"https:\/\/sagot-conseil.com\/index.php\/coaching-supervision\/#breadcrumb\"},\"inLanguage\":\"fr-FR\",\"potentialAction\":[{\"@type\":\"ReadAction\",\"target\":[\"https:\/\/sagot-conseil.com\/index.php\/coaching-supervision\/\"]}]},{\"@type\":\"BreadcrumbList\",\"@id\":\"https:\/\/sagot-conseil.com\/index.php\/coaching-supervision\/#breadcrumb\",\"itemListElement\":[{\"@type\":\"ListItem\",\"position\":1,\"name\":\"Accueil\",\"item\":\"https:\/\/sagot-conseil.com\/\"},{\"@type\":\"ListItem\",\"position\":2,\"name\":\"Coaching &#038; Supervision\"}]},{\"@type\":\"WebSite\",\"@id\":\"https:\/\/sagot-conseil.com\/#website\",\"url\":\"https:\/\/sagot-conseil.com\/\",\"name\":\"Sagot Conseil\",\"description\":\"\",\"publisher\":{\"@id\":\"https:\/\/sagot-conseil.com\/#organization\"},\"potentialAction\":[{\"@type\":\"SearchAction\",\"target\":{\"@type\":\"EntryPoint\",\"urlTemplate\":\"https:\/\/sagot-conseil.com\/?s={search_term_string}\"},\"query-input\":\"required name=search_term_string\"}],\"inLanguage\":\"fr-FR\"},{\"@type\":\"Organization\",\"@id\":\"https:\/\/sagot-conseil.com\/#organization\",\"name\":\"de l'intention \u00e0 l'action\",\"url\":\"https:\/\/sagot-conseil.com\/\",\"logo\":{\"@type\":\"ImageObject\",\"inLanguage\":\"fr-FR\",\"@id\":\"https:\/\/sagot-conseil.com\/#\/schema\/logo\/image\/\",\"url\":\"http:\/\/sagot-conseil.com\/wp-content\/uploads\/2020\/05\/SAGOT-LOGO-RVB-500.gif\",\"contentUrl\":\"http:\/\/sagot-conseil.com\/wp-content\/uploads\/2020\/05\/SAGOT-LOGO-RVB-500.gif\",\"width\":500,\"height\":516,\"caption\":\"de l'intention \u00e0 l'action\"},\"image\":{\"@id\":\"https:\/\/sagot-conseil.com\/#\/schema\/logo\/image\/\"}}]}<\/script>\n<!-- \/ Yoast SEO plugin. -->","yoast_head_json":{"title":"Coaching & Supervision - Sagot Conseil","description":"Seul, en \u00e9quipe, ou en groupe, je vous accompagne \u00e0 \u00eatre des leaders inspirants , \u00e0 r\u00e9ussir \u00e0 cr\u00e9er dans un monde incertain, de la confiance et de l'ouverture, \u00e0 vous positionner en v\u00e9ritable partenaire engag\u00e9","robots":{"index":"index","follow":"follow","max-snippet":"max-snippet:-1","max-image-preview":"max-image-preview:large","max-video-preview":"max-video-preview:-1"},"canonical":"https:\/\/sagot-conseil.com\/index.php\/coaching-supervision\/","og_locale":"fr_FR","og_type":"article","og_title":"Coaching & Supervision - Sagot Conseil","og_description":"Seul, en \u00e9quipe, ou en groupe, je vous accompagne \u00e0 \u00eatre des leaders inspirants , \u00e0 r\u00e9ussir \u00e0 cr\u00e9er dans un monde incertain, de la confiance et de l'ouverture, \u00e0 vous positionner en v\u00e9ritable partenaire engag\u00e9","og_url":"https:\/\/sagot-conseil.com\/index.php\/coaching-supervision\/","og_site_name":"Sagot Conseil","article_modified_time":"2020-05-31T17:29:10+00:00","og_image":[{"url":"http:\/\/sagot-conseil.com\/wp-content\/uploads\/2020\/04\/sagot-conseil-groupe.jpg"}],"twitter_card":"summary_large_image","twitter_misc":{"Dur\u00e9e de lecture estim\u00e9e":"1 minute"},"schema":{"@context":"https:\/\/schema.org","@graph":[{"@type":"WebPage","@id":"https:\/\/sagot-conseil.com\/index.php\/coaching-supervision\/","url":"https:\/\/sagot-conseil.com\/index.php\/coaching-supervision\/","name":"Coaching & Supervision - Sagot Conseil","isPartOf":{"@id":"https:\/\/sagot-conseil.com\/#website"},"datePublished":"2020-03-03T17:05:16+00:00","dateModified":"2020-05-31T17:29:10+00:00","description":"Seul, en \u00e9quipe, ou en groupe, je vous accompagne \u00e0 \u00eatre des leaders inspirants , \u00e0 r\u00e9ussir \u00e0 cr\u00e9er dans un monde incertain, de la confiance et de l'ouverture, \u00e0 vous positionner en v\u00e9ritable partenaire engag\u00e9","breadcrumb":{"@id":"https:\/\/sagot-conseil.com\/index.php\/coaching-supervision\/#breadcrumb"},"inLanguage":"fr-FR","potentialAction":[{"@type":"ReadAction","target":["https:\/\/sagot-conseil.com\/index.php\/coaching-supervision\/"]}]},{"@type":"BreadcrumbList","@id":"https:\/\/sagot-conseil.com\/index.php\/coaching-supervision\/#breadcrumb","itemListElement":[{"@type":"ListItem","position":1,"name":"Accueil","item":"https:\/\/sagot-conseil.com\/"},{"@type":"ListItem","position":2,"name":"Coaching &#038; Supervision"}]},{"@type":"WebSite","@id":"https:\/\/sagot-conseil.com\/#website","url":"https:\/\/sagot-conseil.com\/","name":"Sagot Conseil","description":"","publisher":{"@id":"https:\/\/sagot-conseil.com\/#organization"},"potentialAction":[{"@type":"SearchAction","target":{"@type":"EntryPoint","urlTemplate":"https:\/\/sagot-conseil.com\/?s={search_term_string}"},"query-input":"required name=search_term_string"}],"inLanguage":"fr-FR"},{"@type":"Organization","@id":"https:\/\/sagot-conseil.com\/#organization","name":"de l'intention \u00e0 l'action","url":"https:\/\/sagot-conseil.com\/","logo":{"@type":"ImageObject","inLanguage":"fr-FR","@id":"https:\/\/sagot-conseil.com\/#\/schema\/logo\/image\/","url":"http:\/\/sagot-conseil.com\/wp-content\/uploads\/2020\/05\/SAGOT-LOGO-RVB-500.gif","contentUrl":"http:\/\/sagot-conseil.com\/wp-content\/uploads\/2020\/05\/SAGOT-LOGO-RVB-500.gif","width":500,"height":516,"caption":"de l'intention \u00e0 l'action"},"image":{"@id":"https:\/\/sagot-conseil.com\/#\/schema\/logo\/image\/"}}]}},"uagb_featured_image_src":{"full":false,"thumbnail":false,"medium":false,"medium_large":false,"large":false,"1536x1536":false,"2048x2048":false,"post-thumbnail":false,"twentytwenty-fullscreen":false},"uagb_author_info":{"display_name":"V\u00e9ronique Sagot","author_link":"https:\/\/sagot-conseil.com\/index.php\/author\/admin1875\/"},"uagb_comment_info":0,"uagb_excerpt":"Seul, en \u00e9quipe, ou en groupe, je vous accompagne \u00e0 \u00eatre des leaders inspirants , \u00e0 r\u00e9ussir \u00e0 cr\u00e9er dans un monde incertain, de la confiance et de l&rsquo;ouverture, \u00e0 vous positionner en v\u00e9ritable partenaire engag\u00e9. Et ainsi \u00e0 faire la diff\u00e9rence pour cr\u00e9er du sens et du concret dans vos environnements. Coaching collectif Coaching\u2026","_links":{"self":[{"href":"https:\/\/sagot-conseil.com\/index.php\/wp-json\/wp\/v2\/pages\/2"}],"collection":[{"href":"https:\/\/sagot-conseil.com\/index.php\/wp-json\/wp\/v2\/pages"}],"about":[{"href":"https:\/\/sagot-conseil.com\/index.php\/wp-json\/wp\/v2\/types\/page"}],"author":[{"embeddable":true,"href":"https:\/\/sagot-conseil.com\/index.php\/wp-json\/wp\/v2\/users\/1"}],"replies":[{"embeddable":true,"href":"https:\/\/sagot-conseil.com\/index.php\/wp-json\/wp\/v2\/comments?post=2"}],"version-history":[{"count":19,"href":"https:\/\/sagot-conseil.com\/index.php\/wp-json\/wp\/v2\/pages\/2\/revisions"}],"predecessor-version":[{"id":804,"href":"https:\/\/sagot-conseil.com\/index.php\/wp-json\/wp\/v2\/pages\/2\/revisions\/804"}],"wp:attachment":[{"href":"https:\/\/sagot-conseil.com\/index.php\/wp-json\/wp\/v2\/media?parent=2"}],"curies":[{"name":"wp","href":"https:\/\/api.w.org\/{rel}","templated":true}]}}